{"id":5568,"date":"2023-02-13T12:53:19","date_gmt":"2023-02-13T12:53:19","guid":{"rendered":"https:\/\/becreative.ee\/?post_type=product&#038;p=5568"},"modified":"2023-02-14T07:07:47","modified_gmt":"2023-02-14T07:07:47","slug":"fooliumi-ulekandekomplekt","status":"publish","type":"product","link":"https:\/\/becreative.ee\/en\/product\/fooliumi-ulekandekomplekt\/","title":{"rendered":"Fooliumi \u00fclekandekomplekt"},"content":{"rendered":"<p>Kaunite kaartide, kutsete, karpide v\u00f5i kaunistuste loomiseks ainulaadne t\u00f6\u00f6riist Cricut Maker ja Cricut Explore masinatele. Komplekti kuulub 1 \u00fclekandet\u00f6\u00f6riista korpus, 3 erineva j\u00e4medusega otsikut (peenike, keskmine ja paks), 12 fooliumi \u00fclekandelehte (10,1 x 15,2 cm) ja teip.<\/p>","protected":false},"excerpt":{"rendered":"<p>Kaunite kaartide, kutsete, karpide v\u00f5i kaunistuste loomiseks ainulaadne t\u00f6\u00f6riist Cricut Maker ja Cricut Explore masinatele. Komplekti kuulub 1 \u00fclekandet\u00f6\u00f6riista korpus, 3 erineva j\u00e4medusega otsikut (peenike, keskmine ja paks), 12 fooliumi \u00fclekandelehte (10,1 x 15,2 cm) ja teip.<\/p>","protected":false},"featured_media":5569,"template":"","meta":[],"product_brand":[],"product_cat":[263,1184,1201,960,871],"product_tag":[],"class_list":{"0":"post-5568","1":"product","2":"type-product","3":"status-publish","4":"has-post-thumbnail","6":"product_cat-brandid","7":"product_cat-cricut","8":"product_cat-fooliumtrukk","9":"product_cat-tooriistad","10":"product_cat-vahendid-loikemasinatele","12":"first","13":"instock","14":"taxable","15":"shipping-taxable","16":"purchasable","17":"product-type-simple"},"jetpack_sharing_enabled":true,"_links":{"self":[{"href":"https:\/\/becreative.ee\/en\/wp-json\/wp\/v2\/product\/5568","targetHints":{"allow":["GET"]}}],"collection":[{"href":"https:\/\/becreative.ee\/en\/wp-json\/wp\/v2\/product"}],"about":[{"href":"https:\/\/becreative.ee\/en\/wp-json\/wp\/v2\/types\/product"}],"version-history":[{"count":1,"href":"https:\/\/becreative.ee\/en\/wp-json\/wp\/v2\/product\/5568\/revisions"}],"predecessor-version":[{"id":5571,"href":"https:\/\/becreative.ee\/en\/wp-json\/wp\/v2\/product\/5568\/revisions\/5571"}],"wp:featuredmedia":[{"embeddable":true,"href":"https:\/\/becreative.ee\/en\/wp-json\/wp\/v2\/media\/5569"}],"wp:attachment":[{"href":"https:\/\/becreative.ee\/en\/wp-json\/wp\/v2\/media?parent=5568"}],"wp:term":[{"taxonomy":"product_brand","embeddable":true,"href":"https:\/\/becreative.ee\/en\/wp-json\/wp\/v2\/product_brand?post=5568"},{"taxonomy":"product_cat","embeddable":true,"href":"https:\/\/becreative.ee\/en\/wp-json\/wp\/v2\/product_cat?post=5568"},{"taxonomy":"product_tag","embeddable":true,"href":"https:\/\/becreative.ee\/en\/wp-json\/wp\/v2\/product_tag?post=5568"}],"curies":[{"name":"wp","href":"https:\/\/api.w.org\/{rel}","templated":true}]}}