{"id":5572,"date":"2023-02-13T12:55:39","date_gmt":"2023-02-13T12:55:39","guid":{"rendered":"https:\/\/becreative.ee\/?post_type=product&#038;p=5572"},"modified":"2023-02-13T12:55:40","modified_gmt":"2023-02-13T12:55:40","slug":"cricut-kaardi-matt","status":"publish","type":"product","link":"https:\/\/becreative.ee\/en\/product\/cricut-kaardi-matt\/","title":{"rendered":"Cricut kaardi matt"},"content":{"rendered":"<p>Spetsiaalne matt Cricut Maker ja Cricut Explore masinatele, mis lihtsustab p\u00f5nevate kaardide ja kutsete valmistamist. Mati m\u00f5\u00f5tmed 33 x 41 cm. V\u00f5imalik korraga l\u00f5igata 4 kaarti.<\/p>","protected":false},"excerpt":{"rendered":"<p>Spetsiaalne matt Cricut Maker ja Cricut Explore masinatele, mis lihtsustab p\u00f5nevate kaardide ja kutsete valmistamist. Mati m\u00f5\u00f5tmed 33 x 41 cm. V\u00f5imalik korraga l\u00f5igata 4 kaarti.<\/p>","protected":false},"featured_media":5573,"template":"","meta":[],"product_brand":[],"product_cat":[263,1184,1185,871],"product_tag":[],"class_list":{"0":"post-5572","1":"product","2":"type-product","3":"status-publish","4":"has-post-thumbnail","6":"product_cat-brandid","7":"product_cat-cricut","8":"product_cat-matid","9":"product_cat-vahendid-loikemasinatele","11":"first","12":"instock","13":"taxable","14":"shipping-taxable","15":"purchasable","16":"product-type-simple"},"jetpack_sharing_enabled":true,"_links":{"self":[{"href":"https:\/\/becreative.ee\/en\/wp-json\/wp\/v2\/product\/5572","targetHints":{"allow":["GET"]}}],"collection":[{"href":"https:\/\/becreative.ee\/en\/wp-json\/wp\/v2\/product"}],"about":[{"href":"https:\/\/becreative.ee\/en\/wp-json\/wp\/v2\/types\/product"}],"version-history":[{"count":1,"href":"https:\/\/becreative.ee\/en\/wp-json\/wp\/v2\/product\/5572\/revisions"}],"predecessor-version":[{"id":5574,"href":"https:\/\/becreative.ee\/en\/wp-json\/wp\/v2\/product\/5572\/revisions\/5574"}],"wp:featuredmedia":[{"embeddable":true,"href":"https:\/\/becreative.ee\/en\/wp-json\/wp\/v2\/media\/5573"}],"wp:attachment":[{"href":"https:\/\/becreative.ee\/en\/wp-json\/wp\/v2\/media?parent=5572"}],"wp:term":[{"taxonomy":"product_brand","embeddable":true,"href":"https:\/\/becreative.ee\/en\/wp-json\/wp\/v2\/product_brand?post=5572"},{"taxonomy":"product_cat","embeddable":true,"href":"https:\/\/becreative.ee\/en\/wp-json\/wp\/v2\/product_cat?post=5572"},{"taxonomy":"product_tag","embeddable":true,"href":"https:\/\/becreative.ee\/en\/wp-json\/wp\/v2\/product_tag?post=5572"}],"curies":[{"name":"wp","href":"https:\/\/api.w.org\/{rel}","templated":true}]}}