{"id":5579,"date":"2023-02-13T12:57:13","date_gmt":"2023-02-13T12:57:13","guid":{"rendered":"https:\/\/becreative.ee\/?post_type=product&#038;p=5579"},"modified":"2023-02-13T12:57:14","modified_gmt":"2023-02-13T12:57:14","slug":"cricut-matt-triikimiseks","status":"publish","type":"product","link":"https:\/\/becreative.ee\/en\/product\/cricut-matt-triikimiseks\/","title":{"rendered":"Cricut matt triikimiseks"},"content":{"rendered":"<p>Suurep\u00e4rane mitmek\u00fclgne matt kuumpresskilede paigaldamise lihtsustamiseks. Vastupidav kate tagab \u00fchtlase soojusjaotuse, foolium peegeldab soojust ja takistab niiske auru \u00fclekandumist kilele. Lisaks kaitseb pindasid kahjustava kuumuse ja niiskuse eest. Mati suurus 30,5 x 30,5 cm.<\/p>","protected":false},"excerpt":{"rendered":"<p>Suurep\u00e4rane mitmek\u00fclgne matt kuumpresskilede paigaldamise lihtsustamiseks. Vastupidav kate tagab \u00fchtlase soojusjaotuse, foolium peegeldab soojust ja takistab niiske auru \u00fclekandumist kilele. Lisaks kaitseb pindasid kahjustava kuumuse ja niiskuse eest. Mati suurus 30,5 x 30,5 cm.<\/p>","protected":false},"featured_media":5580,"template":"","meta":[],"product_brand":[],"product_cat":[263,1184,1185,871],"product_tag":[],"class_list":{"0":"post-5579","1":"product","2":"type-product","3":"status-publish","4":"has-post-thumbnail","6":"product_cat-brandid","7":"product_cat-cricut","8":"product_cat-matid","9":"product_cat-vahendid-loikemasinatele","11":"first","12":"instock","13":"taxable","14":"shipping-taxable","15":"purchasable","16":"product-type-simple"},"jetpack_sharing_enabled":true,"_links":{"self":[{"href":"https:\/\/becreative.ee\/en\/wp-json\/wp\/v2\/product\/5579","targetHints":{"allow":["GET"]}}],"collection":[{"href":"https:\/\/becreative.ee\/en\/wp-json\/wp\/v2\/product"}],"about":[{"href":"https:\/\/becreative.ee\/en\/wp-json\/wp\/v2\/types\/product"}],"version-history":[{"count":1,"href":"https:\/\/becreative.ee\/en\/wp-json\/wp\/v2\/product\/5579\/revisions"}],"predecessor-version":[{"id":5581,"href":"https:\/\/becreative.ee\/en\/wp-json\/wp\/v2\/product\/5579\/revisions\/5581"}],"wp:featuredmedia":[{"embeddable":true,"href":"https:\/\/becreative.ee\/en\/wp-json\/wp\/v2\/media\/5580"}],"wp:attachment":[{"href":"https:\/\/becreative.ee\/en\/wp-json\/wp\/v2\/media?parent=5579"}],"wp:term":[{"taxonomy":"product_brand","embeddable":true,"href":"https:\/\/becreative.ee\/en\/wp-json\/wp\/v2\/product_brand?post=5579"},{"taxonomy":"product_cat","embeddable":true,"href":"https:\/\/becreative.ee\/en\/wp-json\/wp\/v2\/product_cat?post=5579"},{"taxonomy":"product_tag","embeddable":true,"href":"https:\/\/becreative.ee\/en\/wp-json\/wp\/v2\/product_tag?post=5579"}],"curies":[{"name":"wp","href":"https:\/\/api.w.org\/{rel}","templated":true}]}}