{"id":5582,"date":"2023-02-13T13:47:35","date_gmt":"2023-02-13T13:47:35","guid":{"rendered":"https:\/\/becreative.ee\/?post_type=product&#038;p=5582"},"modified":"2024-09-15T15:03:28","modified_gmt":"2024-09-15T15:03:28","slug":"cricut-foil-iron-on","status":"publish","type":"product","link":"https:\/\/becreative.ee\/en\/product\/cricut-foil-iron-on\/","title":{"rendered":"Cricut Foil Iron-ON"},"content":{"rendered":"<p>Kaunista r\u00f5ivaid, kodutekstiili v\u00f5i peodekoratsioone. Cricut Foil Iron-ON annab igale esemele erilise s\u00e4ra ja l\u00e4ike. Lehe suurus 30,5 x 61 cm.<\/p>\n<p>&nbsp;<\/p>\n<p>PAIGALDUS:<\/p>\n<p>L\u00f5igata kujutis v\u00e4lja v\u00e4rviline pool all.<\/p>\n<p>Kanga eelkuumutus: 5 sekundit<\/p>\n<p>Temperatuur: 145 <strong><sup>\u25e6<\/sup><\/strong><span class=\"font0\">C\u00a0<\/span><\/p>\n<p>Aeg:\u00a0 30 sekundit<\/p>\n<p>Surve: keskmine<\/p>\n<p>Taustakile eemaldamine: jahedalt<\/p>\n<p>Triikraua puhul seadistada triikraud kuumusele WOOL. Veenduda, et aru on v\u00e4lja l\u00fclitatud. Eelkuumutada kangast 10 sekundit. Asetada kujutis kangale ja triikida keskmise survega 25 &#8211; 30 sekundit. P\u00f6\u00f6rata pahupool ning triikida veel 25 &#8211; 30 sekundit.<\/p>\n<p>&nbsp;<\/p>\n<p>PESEMINE:<\/p>\n<p>Esimene pesu tee vajadusel peale 24h. V\u00f5imalusel p\u00f6\u00f6ra pahupool.<\/p>\n<p><img decoding=\"async\" class=\"alignnone size-full wp-image-299\" src=\"https:\/\/becreative.ee\/wp-content\/uploads\/2020\/03\/valgendamine-keelatud.png\" alt=\"\" width=\"50\" height=\"50\" \/> <img decoding=\"async\" class=\"alignnone size-full wp-image-298\" src=\"https:\/\/becreative.ee\/wp-content\/uploads\/2020\/03\/trummelkuivatus_keelatud.png\" alt=\"\" width=\"50\" height=\"50\" \/><\/p>","protected":false},"excerpt":{"rendered":"<p>Kaunista r\u00f5ivaid, kodutekstiili v\u00f5i peodekoratsioone. Cricut Foil Iron-ON annab igale esemele erilise s\u00e4ra ja l\u00e4ike. Lehe suurus 30,5 x 61 cm.<\/p>","protected":false},"featured_media":5643,"template":"","meta":[],"product_brand":[],"product_cat":[263,1184,872,871],"product_tag":[],"class_list":{"0":"post-5582","1":"product","2":"type-product","3":"status-publish","4":"has-post-thumbnail","6":"product_cat-brandid","7":"product_cat-cricut","8":"product_cat-kuumpresskile-iron-on","9":"product_cat-vahendid-loikemasinatele","11":"first","12":"instock","13":"taxable","14":"shipping-taxable","15":"purchasable","16":"product-type-variable"},"jetpack_sharing_enabled":true,"_links":{"self":[{"href":"https:\/\/becreative.ee\/en\/wp-json\/wp\/v2\/product\/5582","targetHints":{"allow":["GET"]}}],"collection":[{"href":"https:\/\/becreative.ee\/en\/wp-json\/wp\/v2\/product"}],"about":[{"href":"https:\/\/becreative.ee\/en\/wp-json\/wp\/v2\/types\/product"}],"version-history":[{"count":2,"href":"https:\/\/becreative.ee\/en\/wp-json\/wp\/v2\/product\/5582\/revisions"}],"predecessor-version":[{"id":5647,"href":"https:\/\/becreative.ee\/en\/wp-json\/wp\/v2\/product\/5582\/revisions\/5647"}],"wp:featuredmedia":[{"embeddable":true,"href":"https:\/\/becreative.ee\/en\/wp-json\/wp\/v2\/media\/5643"}],"wp:attachment":[{"href":"https:\/\/becreative.ee\/en\/wp-json\/wp\/v2\/media?parent=5582"}],"wp:term":[{"taxonomy":"product_brand","embeddable":true,"href":"https:\/\/becreative.ee\/en\/wp-json\/wp\/v2\/product_brand?post=5582"},{"taxonomy":"product_cat","embeddable":true,"href":"https:\/\/becreative.ee\/en\/wp-json\/wp\/v2\/product_cat?post=5582"},{"taxonomy":"product_tag","embeddable":true,"href":"https:\/\/becreative.ee\/en\/wp-json\/wp\/v2\/product_tag?post=5582"}],"curies":[{"name":"wp","href":"https:\/\/api.w.org\/{rel}","templated":true}]}}