{"id":5613,"date":"2023-02-13T13:57:45","date_gmt":"2023-02-13T13:57:45","guid":{"rendered":"https:\/\/becreative.ee\/?post_type=product&#038;p=5613"},"modified":"2023-02-13T13:57:46","modified_gmt":"2023-02-13T13:57:46","slug":"cricut-holograafiline-vinuul","status":"publish","type":"product","link":"https:\/\/becreative.ee\/en\/product\/cricut-holograafiline-vinuul\/","title":{"rendered":"Cricut Holograafiline vin\u00fc\u00fcl"},"content":{"rendered":"<p>Veekindel Permanent Premium Vinyl sobib suurep\u00e4raselt klaasn\u00f5ude kujundamiseks aga ka k\u00f5igi siseruumis olevate esemete kaunistamiseks. Pakendis \u00fcks leht suurusega 30,5 x 122 cm.<\/p>","protected":false},"excerpt":{"rendered":"<p>Veekindel Permanent Premium Vinyl sobib suurep\u00e4raselt klaasn\u00f5ude kujundamiseks aga ka k\u00f5igi siseruumis olevate esemete kaunistamiseks. Pakendis \u00fcks leht suurusega 30,5 x 122 cm.<\/p>","protected":false},"featured_media":5615,"template":"","meta":[],"product_brand":[],"product_cat":[263,1184,871,980],"product_tag":[],"class_list":{"0":"post-5613","1":"product","2":"type-product","3":"status-publish","4":"has-post-thumbnail","6":"product_cat-brandid","7":"product_cat-cricut","8":"product_cat-vahendid-loikemasinatele","9":"product_cat-vinuul","11":"first","12":"instock","13":"taxable","14":"shipping-taxable","15":"purchasable","16":"product-type-variable"},"jetpack_sharing_enabled":true,"_links":{"self":[{"href":"https:\/\/becreative.ee\/en\/wp-json\/wp\/v2\/product\/5613","targetHints":{"allow":["GET"]}}],"collection":[{"href":"https:\/\/becreative.ee\/en\/wp-json\/wp\/v2\/product"}],"about":[{"href":"https:\/\/becreative.ee\/en\/wp-json\/wp\/v2\/types\/product"}],"version-history":[{"count":1,"href":"https:\/\/becreative.ee\/en\/wp-json\/wp\/v2\/product\/5613\/revisions"}],"predecessor-version":[{"id":5614,"href":"https:\/\/becreative.ee\/en\/wp-json\/wp\/v2\/product\/5613\/revisions\/5614"}],"wp:featuredmedia":[{"embeddable":true,"href":"https:\/\/becreative.ee\/en\/wp-json\/wp\/v2\/media\/5615"}],"wp:attachment":[{"href":"https:\/\/becreative.ee\/en\/wp-json\/wp\/v2\/media?parent=5613"}],"wp:term":[{"taxonomy":"product_brand","embeddable":true,"href":"https:\/\/becreative.ee\/en\/wp-json\/wp\/v2\/product_brand?post=5613"},{"taxonomy":"product_cat","embeddable":true,"href":"https:\/\/becreative.ee\/en\/wp-json\/wp\/v2\/product_cat?post=5613"},{"taxonomy":"product_tag","embeddable":true,"href":"https:\/\/becreative.ee\/en\/wp-json\/wp\/v2\/product_tag?post=5613"}],"curies":[{"name":"wp","href":"https:\/\/api.w.org\/{rel}","templated":true}]}}