{"id":5619,"date":"2023-02-13T14:03:26","date_gmt":"2023-02-13T14:03:26","guid":{"rendered":"https:\/\/becreative.ee\/?post_type=product&#038;p=5619"},"modified":"2023-02-13T14:03:26","modified_gmt":"2023-02-13T14:03:26","slug":"cricut-mustriga-vinuul-rohelised-soomused","status":"publish","type":"product","link":"https:\/\/becreative.ee\/en\/product\/cricut-mustriga-vinuul-rohelised-soomused\/","title":{"rendered":"Cricut mustriga vin\u00fc\u00fcl rohelised soomused"},"content":{"rendered":"<p>Veekindel Permanent Premium Vinyl sobib suurep\u00e4raselt klaasn\u00f5ude kujundamiseks aga ka k\u00f5igi siseruumis olevate esemete kaunistamiseks. Pakendis neli leht suurusega 30,5 x 30,5 cm.<\/p>\n<p>Komplektis rohelised soomused:<\/p>\n<p>H\u00f5bedane metallik-matt 2 tk<\/p>\n<p>Metallsed punased ringid 1 tk<\/p>\n<p>Metallsed rohelised soomused 1 tk<\/p>\n<p>&nbsp;<\/p>","protected":false},"excerpt":{"rendered":"<p>Veekindel Permanent Premium Vinyl sobib suurep\u00e4raselt klaasn\u00f5ude kujundamiseks aga ka k\u00f5igi siseruumis olevate esemete kaunistamiseks. Pakendis neli leht suurusega 30,5 x 30,5 cm.<\/p>\n<p>Komplektis rohelised soomused:<\/p>\n<p>H\u00f5bedane metallik-matt 2 tk<\/p>\n<p>Metallsed punased ringid 1 tk<\/p>\n<p>Metallsed rohelised soomused 1 tk<\/p>","protected":false},"featured_media":5622,"template":"","meta":[],"product_brand":[],"product_cat":[263,1184,871,980],"product_tag":[],"class_list":{"0":"post-5619","1":"product","2":"type-product","3":"status-publish","4":"has-post-thumbnail","6":"product_cat-brandid","7":"product_cat-cricut","8":"product_cat-vahendid-loikemasinatele","9":"product_cat-vinuul","11":"first","12":"instock","13":"taxable","14":"shipping-taxable","15":"purchasable","16":"product-type-simple"},"jetpack_sharing_enabled":true,"_links":{"self":[{"href":"https:\/\/becreative.ee\/en\/wp-json\/wp\/v2\/product\/5619","targetHints":{"allow":["GET"]}}],"collection":[{"href":"https:\/\/becreative.ee\/en\/wp-json\/wp\/v2\/product"}],"about":[{"href":"https:\/\/becreative.ee\/en\/wp-json\/wp\/v2\/types\/product"}],"version-history":[{"count":3,"href":"https:\/\/becreative.ee\/en\/wp-json\/wp\/v2\/product\/5619\/revisions"}],"predecessor-version":[{"id":5633,"href":"https:\/\/becreative.ee\/en\/wp-json\/wp\/v2\/product\/5619\/revisions\/5633"}],"wp:featuredmedia":[{"embeddable":true,"href":"https:\/\/becreative.ee\/en\/wp-json\/wp\/v2\/media\/5622"}],"wp:attachment":[{"href":"https:\/\/becreative.ee\/en\/wp-json\/wp\/v2\/media?parent=5619"}],"wp:term":[{"taxonomy":"product_brand","embeddable":true,"href":"https:\/\/becreative.ee\/en\/wp-json\/wp\/v2\/product_brand?post=5619"},{"taxonomy":"product_cat","embeddable":true,"href":"https:\/\/becreative.ee\/en\/wp-json\/wp\/v2\/product_cat?post=5619"},{"taxonomy":"product_tag","embeddable":true,"href":"https:\/\/becreative.ee\/en\/wp-json\/wp\/v2\/product_tag?post=5619"}],"curies":[{"name":"wp","href":"https:\/\/api.w.org\/{rel}","templated":true}]}}