{"id":5627,"date":"2023-02-08T17:43:30","date_gmt":"2023-02-08T17:43:30","guid":{"rendered":"https:\/\/becreative.ee\/?post_type=product&#038;p=5627"},"modified":"2023-02-13T14:04:39","modified_gmt":"2023-02-13T14:04:39","slug":"cricut-mustriga-vinuul-lillad-soomused","status":"publish","type":"product","link":"https:\/\/becreative.ee\/en\/product\/cricut-mustriga-vinuul-lillad-soomused\/","title":{"rendered":"Cricut mustriga vin\u00fc\u00fcl Lillad soomused"},"content":{"rendered":"<p>Veekindel Permanent Premium Vinyl sobib suurep\u00e4raselt klaasn\u00f5ude kujundamiseks aga ka k\u00f5igi siseruumis olevate esemete kaunistamiseks. Pakendis neli leht suurusega 30,5 x 30,5 cm.<\/p>\n<p>Komplektis lillad soomused:<\/p>\n<p>H\u00f5bedased metallsed ringid 1 tk<\/p>\n<p>Sidrunheina metallne 2 tk<\/p>\n<p>Metallsed lillad soomused 1 tk<\/p>\n<p>&nbsp;<\/p>","protected":false},"excerpt":{"rendered":"<p>Veekindel Permanent Premium Vinyl sobib suurep\u00e4raselt klaasn\u00f5ude kujundamiseks aga ka k\u00f5igi siseruumis olevate esemete kaunistamiseks. Pakendis neli leht suurusega 30,5 x 30,5 cm.<\/p>\n<p>Komplektis lillad soomused:<\/p>\n<p>H\u00f5bedased metallsed ringid 1 tk<\/p>\n<p>Sidrunheina metallne 2 tk<\/p>\n<p>Metallsed lillad soomused 1 tk<\/p>","protected":false},"featured_media":5628,"template":"","meta":[],"product_brand":[],"product_cat":[263,1184,871,980],"product_tag":[],"class_list":{"0":"post-5627","1":"product","2":"type-product","3":"status-publish","4":"has-post-thumbnail","6":"product_cat-brandid","7":"product_cat-cricut","8":"product_cat-vahendid-loikemasinatele","9":"product_cat-vinuul","11":"first","12":"instock","13":"taxable","14":"shipping-taxable","15":"purchasable","16":"product-type-simple"},"jetpack_sharing_enabled":true,"_links":{"self":[{"href":"https:\/\/becreative.ee\/en\/wp-json\/wp\/v2\/product\/5627","targetHints":{"allow":["GET"]}}],"collection":[{"href":"https:\/\/becreative.ee\/en\/wp-json\/wp\/v2\/product"}],"about":[{"href":"https:\/\/becreative.ee\/en\/wp-json\/wp\/v2\/types\/product"}],"version-history":[{"count":1,"href":"https:\/\/becreative.ee\/en\/wp-json\/wp\/v2\/product\/5627\/revisions"}],"predecessor-version":[{"id":5632,"href":"https:\/\/becreative.ee\/en\/wp-json\/wp\/v2\/product\/5627\/revisions\/5632"}],"wp:featuredmedia":[{"embeddable":true,"href":"https:\/\/becreative.ee\/en\/wp-json\/wp\/v2\/media\/5628"}],"wp:attachment":[{"href":"https:\/\/becreative.ee\/en\/wp-json\/wp\/v2\/media?parent=5627"}],"wp:term":[{"taxonomy":"product_brand","embeddable":true,"href":"https:\/\/becreative.ee\/en\/wp-json\/wp\/v2\/product_brand?post=5627"},{"taxonomy":"product_cat","embeddable":true,"href":"https:\/\/becreative.ee\/en\/wp-json\/wp\/v2\/product_cat?post=5627"},{"taxonomy":"product_tag","embeddable":true,"href":"https:\/\/becreative.ee\/en\/wp-json\/wp\/v2\/product_tag?post=5627"}],"curies":[{"name":"wp","href":"https:\/\/api.w.org\/{rel}","templated":true}]}}