{"id":5634,"date":"2023-02-13T14:06:39","date_gmt":"2023-02-13T14:06:39","guid":{"rendered":"https:\/\/becreative.ee\/?post_type=product&#038;p=5634"},"modified":"2023-02-13T14:06:40","modified_gmt":"2023-02-13T14:06:40","slug":"soonimispulk","status":"publish","type":"product","link":"https:\/\/becreative.ee\/en\/product\/soonimispulk\/","title":{"rendered":"Soonimispulk"},"content":{"rendered":"<p>Suurep\u00e4rane abivahend voltimisjoonte tegemiseks. Sobib Cricut Maker ja Cricut Explore masinatele. T\u00f6\u00f6riista saab kasutada koos l\u00f5iketeraga, mis omakorda s\u00e4\u00e4stab terade vahetamisele kuluvat aega.<\/p>","protected":false},"excerpt":{"rendered":"<p>Suurep\u00e4rane abivahend voltimisjoonte tegemiseks. Sobib Cricut Maker ja Cricut Explore masinatele. T\u00f6\u00f6riista saab kasutada koos l\u00f5iketeraga, mis omakorda s\u00e4\u00e4stab terade vahetamisele kuluvat aega.<\/p>","protected":false},"featured_media":5635,"template":"","meta":[],"product_brand":[],"product_cat":[263,1184,960,871],"product_tag":[],"class_list":{"0":"post-5634","1":"product","2":"type-product","3":"status-publish","4":"has-post-thumbnail","6":"product_cat-brandid","7":"product_cat-cricut","8":"product_cat-tooriistad","9":"product_cat-vahendid-loikemasinatele","11":"first","12":"instock","13":"taxable","14":"shipping-taxable","15":"purchasable","16":"product-type-simple"},"jetpack_sharing_enabled":true,"_links":{"self":[{"href":"https:\/\/becreative.ee\/en\/wp-json\/wp\/v2\/product\/5634","targetHints":{"allow":["GET"]}}],"collection":[{"href":"https:\/\/becreative.ee\/en\/wp-json\/wp\/v2\/product"}],"about":[{"href":"https:\/\/becreative.ee\/en\/wp-json\/wp\/v2\/types\/product"}],"version-history":[{"count":1,"href":"https:\/\/becreative.ee\/en\/wp-json\/wp\/v2\/product\/5634\/revisions"}],"predecessor-version":[{"id":5636,"href":"https:\/\/becreative.ee\/en\/wp-json\/wp\/v2\/product\/5634\/revisions\/5636"}],"wp:featuredmedia":[{"embeddable":true,"href":"https:\/\/becreative.ee\/en\/wp-json\/wp\/v2\/media\/5635"}],"wp:attachment":[{"href":"https:\/\/becreative.ee\/en\/wp-json\/wp\/v2\/media?parent=5634"}],"wp:term":[{"taxonomy":"product_brand","embeddable":true,"href":"https:\/\/becreative.ee\/en\/wp-json\/wp\/v2\/product_brand?post=5634"},{"taxonomy":"product_cat","embeddable":true,"href":"https:\/\/becreative.ee\/en\/wp-json\/wp\/v2\/product_cat?post=5634"},{"taxonomy":"product_tag","embeddable":true,"href":"https:\/\/becreative.ee\/en\/wp-json\/wp\/v2\/product_tag?post=5634"}],"curies":[{"name":"wp","href":"https:\/\/api.w.org\/{rel}","templated":true}]}}