{"id":5650,"date":"2023-02-13T14:22:37","date_gmt":"2023-02-13T14:22:37","guid":{"rendered":"https:\/\/becreative.ee\/?post_type=product&#038;p=5650"},"modified":"2024-08-08T09:37:30","modified_gmt":"2024-08-08T09:37:30","slug":"tooriist-matile-kanga-paigaldamiseks","status":"publish","type":"product","link":"https:\/\/becreative.ee\/en\/product\/tooriist-matile-kanga-paigaldamiseks\/","title":{"rendered":"T\u00f6\u00f6riist matile kanga paigaldamiseks"},"content":{"rendered":"<p>Pehme kummikattega t\u00f6\u00f6riist on eelk\u00f5ige m\u00f5eldud Cricut Makeri masinatele kanga paigaldamiseks matile. Siiski on see abiks ka erinevate vin\u00fc\u00fclide ja kuumpresskilede paigaldamisel. Komplekti kuuluvad lisaks n\u00e4pitsad, millega on h\u00f5lbus matilt asju eemaldada.<\/p>","protected":false},"excerpt":{"rendered":"<p>Pehme kummikattega t\u00f6\u00f6riist on eelk\u00f5ige m\u00f5eldud Cricut Makeri masinatele kanga paigaldamiseks matile. Siiski on see abiks ka erinevate vin\u00fc\u00fclide ja kuumpresskilede paigaldamisel. Komplekti kuuluvad lisaks n\u00e4pitsad, millega on h\u00f5lbus matilt asju eemaldada.<\/p>","protected":false},"featured_media":5651,"template":"","meta":[],"product_brand":[],"product_cat":[263,1184,960,871],"product_tag":[],"class_list":{"0":"post-5650","1":"product","2":"type-product","3":"status-publish","4":"has-post-thumbnail","6":"product_cat-brandid","7":"product_cat-cricut","8":"product_cat-tooriistad","9":"product_cat-vahendid-loikemasinatele","11":"first","12":"instock","13":"taxable","14":"shipping-taxable","15":"purchasable","16":"product-type-simple"},"jetpack_sharing_enabled":true,"_links":{"self":[{"href":"https:\/\/becreative.ee\/en\/wp-json\/wp\/v2\/product\/5650","targetHints":{"allow":["GET"]}}],"collection":[{"href":"https:\/\/becreative.ee\/en\/wp-json\/wp\/v2\/product"}],"about":[{"href":"https:\/\/becreative.ee\/en\/wp-json\/wp\/v2\/types\/product"}],"version-history":[{"count":1,"href":"https:\/\/becreative.ee\/en\/wp-json\/wp\/v2\/product\/5650\/revisions"}],"predecessor-version":[{"id":5652,"href":"https:\/\/becreative.ee\/en\/wp-json\/wp\/v2\/product\/5650\/revisions\/5652"}],"wp:featuredmedia":[{"embeddable":true,"href":"https:\/\/becreative.ee\/en\/wp-json\/wp\/v2\/media\/5651"}],"wp:attachment":[{"href":"https:\/\/becreative.ee\/en\/wp-json\/wp\/v2\/media?parent=5650"}],"wp:term":[{"taxonomy":"product_brand","embeddable":true,"href":"https:\/\/becreative.ee\/en\/wp-json\/wp\/v2\/product_brand?post=5650"},{"taxonomy":"product_cat","embeddable":true,"href":"https:\/\/becreative.ee\/en\/wp-json\/wp\/v2\/product_cat?post=5650"},{"taxonomy":"product_tag","embeddable":true,"href":"https:\/\/becreative.ee\/en\/wp-json\/wp\/v2\/product_tag?post=5650"}],"curies":[{"name":"wp","href":"https:\/\/api.w.org\/{rel}","templated":true}]}}