{"id":5653,"date":"2023-02-13T14:33:43","date_gmt":"2023-02-13T14:33:43","guid":{"rendered":"https:\/\/becreative.ee\/?post_type=product&#038;p=5653"},"modified":"2024-08-08T09:37:30","modified_gmt":"2024-08-08T09:37:30","slug":"cricut-pohitooriistade-komplekt","status":"publish","type":"product","link":"https:\/\/becreative.ee\/en\/product\/cricut-pohitooriistade-komplekt\/","title":{"rendered":"Cricut p\u00f5hit\u00f6\u00f6riistade komplekt"},"content":{"rendered":"<p>P\u00f5hit\u00f6\u00f6riistade komplekt on koostatud eesm\u00e4rgiga varustada igat l\u00f5ikemasina kasutajat esmase vajalikuga. Komplekti kuulub viis erinevat eset: k\u00e4\u00e4rid, spaatel, pintsetid, nokitseja ja kaabits.<\/p>","protected":false},"excerpt":{"rendered":"<p>P\u00f5hit\u00f6\u00f6riistade komplekt on koostatud eesm\u00e4rgiga varustada igat l\u00f5ikemasina kasutajat esmase vajalikuga. Komplekti kuulub viis erinevat eset: k\u00e4\u00e4rid, spaatel, pintsetid, nokitseja ja kaabits.<\/p>","protected":false},"featured_media":5654,"template":"","meta":[],"product_brand":[],"product_cat":[263,1184,960,871],"product_tag":[],"class_list":{"0":"post-5653","1":"product","2":"type-product","3":"status-publish","4":"has-post-thumbnail","6":"product_cat-brandid","7":"product_cat-cricut","8":"product_cat-tooriistad","9":"product_cat-vahendid-loikemasinatele","11":"first","12":"instock","13":"taxable","14":"shipping-taxable","15":"purchasable","16":"product-type-simple"},"jetpack_sharing_enabled":true,"_links":{"self":[{"href":"https:\/\/becreative.ee\/en\/wp-json\/wp\/v2\/product\/5653","targetHints":{"allow":["GET"]}}],"collection":[{"href":"https:\/\/becreative.ee\/en\/wp-json\/wp\/v2\/product"}],"about":[{"href":"https:\/\/becreative.ee\/en\/wp-json\/wp\/v2\/types\/product"}],"version-history":[{"count":1,"href":"https:\/\/becreative.ee\/en\/wp-json\/wp\/v2\/product\/5653\/revisions"}],"predecessor-version":[{"id":5655,"href":"https:\/\/becreative.ee\/en\/wp-json\/wp\/v2\/product\/5653\/revisions\/5655"}],"wp:featuredmedia":[{"embeddable":true,"href":"https:\/\/becreative.ee\/en\/wp-json\/wp\/v2\/media\/5654"}],"wp:attachment":[{"href":"https:\/\/becreative.ee\/en\/wp-json\/wp\/v2\/media?parent=5653"}],"wp:term":[{"taxonomy":"product_brand","embeddable":true,"href":"https:\/\/becreative.ee\/en\/wp-json\/wp\/v2\/product_brand?post=5653"},{"taxonomy":"product_cat","embeddable":true,"href":"https:\/\/becreative.ee\/en\/wp-json\/wp\/v2\/product_cat?post=5653"},{"taxonomy":"product_tag","embeddable":true,"href":"https:\/\/becreative.ee\/en\/wp-json\/wp\/v2\/product_tag?post=5653"}],"curies":[{"name":"wp","href":"https:\/\/api.w.org\/{rel}","templated":true}]}}