{"id":5656,"date":"2023-02-14T07:05:52","date_gmt":"2023-02-14T07:05:52","guid":{"rendered":"https:\/\/becreative.ee\/?post_type=product&#038;p=5656"},"modified":"2024-11-21T15:53:37","modified_gmt":"2024-11-21T15:53:37","slug":"cricut-fooliumlehed","status":"publish","type":"product","link":"https:\/\/becreative.ee\/en\/product\/cricut-fooliumlehed\/","title":{"rendered":"Cricut Fooliumlehed"},"content":{"rendered":"<p>Kaunilt l\u00e4ikivad fooliumi \u00fclekandekomplektiga tehtavad kaunistused ja tekstid sobivad iga paberit\u00f6\u00f6 s\u00e4rama panemiseks olgu selleks siis kaart, kutse v\u00f5i lauakaunistus. Pakendis 24 lehte suurusega 10,1 x 15,2 cm.<\/p>","protected":false},"excerpt":{"rendered":"<p>Kaunilt l\u00e4ikivad fooliumi \u00fclekandekomplektiga tehtavad kaunistused ja tekstid sobivad iga paberit\u00f6\u00f6 s\u00e4rama panemiseks olgu selleks siis kaart, kutse v\u00f5i lauakaunistus. Pakendis 24 lehte suurusega 10,1 x 15,2 cm.<\/p>","protected":false},"featured_media":5660,"template":"","meta":[],"product_brand":[],"product_cat":[263,1184,1201,871],"product_tag":[],"class_list":{"0":"post-5656","1":"product","2":"type-product","3":"status-publish","4":"has-post-thumbnail","6":"product_cat-brandid","7":"product_cat-cricut","8":"product_cat-fooliumtrukk","9":"product_cat-vahendid-loikemasinatele","11":"first","12":"instock","13":"taxable","14":"shipping-taxable","15":"purchasable","16":"product-type-variable"},"jetpack_sharing_enabled":true,"_links":{"self":[{"href":"https:\/\/becreative.ee\/en\/wp-json\/wp\/v2\/product\/5656","targetHints":{"allow":["GET"]}}],"collection":[{"href":"https:\/\/becreative.ee\/en\/wp-json\/wp\/v2\/product"}],"about":[{"href":"https:\/\/becreative.ee\/en\/wp-json\/wp\/v2\/types\/product"}],"version-history":[{"count":2,"href":"https:\/\/becreative.ee\/en\/wp-json\/wp\/v2\/product\/5656\/revisions"}],"predecessor-version":[{"id":5668,"href":"https:\/\/becreative.ee\/en\/wp-json\/wp\/v2\/product\/5656\/revisions\/5668"}],"wp:featuredmedia":[{"embeddable":true,"href":"https:\/\/becreative.ee\/en\/wp-json\/wp\/v2\/media\/5660"}],"wp:attachment":[{"href":"https:\/\/becreative.ee\/en\/wp-json\/wp\/v2\/media?parent=5656"}],"wp:term":[{"taxonomy":"product_brand","embeddable":true,"href":"https:\/\/becreative.ee\/en\/wp-json\/wp\/v2\/product_brand?post=5656"},{"taxonomy":"product_cat","embeddable":true,"href":"https:\/\/becreative.ee\/en\/wp-json\/wp\/v2\/product_cat?post=5656"},{"taxonomy":"product_tag","embeddable":true,"href":"https:\/\/becreative.ee\/en\/wp-json\/wp\/v2\/product_tag?post=5656"}],"curies":[{"name":"wp","href":"https:\/\/api.w.org\/{rel}","templated":true}]}}