{"id":5669,"date":"2023-02-14T07:23:28","date_gmt":"2023-02-14T07:23:28","guid":{"rendered":"https:\/\/becreative.ee\/?post_type=product&#038;p=5669"},"modified":"2023-02-14T07:23:28","modified_gmt":"2023-02-14T07:23:28","slug":"cricut-nokitseja","status":"publish","type":"product","link":"https:\/\/becreative.ee\/en\/product\/cricut-nokitseja\/","title":{"rendered":"Cricut nokitseja"},"content":{"rendered":"<p>Cricut nokitseja h\u00f5lbustab kuumpresskilede ja vin\u00fc\u00fclide materjali eemaldamist l\u00f5igatud kujundusest. K\u00f5verdatud osaga on hea paigal hoida keeruliste v\u00e4ljal\u00f5igete osi samal ajal, kui suuremaid t\u00fckke eemaldatakse.<\/p>","protected":false},"excerpt":{"rendered":"<p>Cricut nokitseja h\u00f5lbustab kuumpresskilede ja vin\u00fc\u00fclide materjali eemaldamist l\u00f5igatud kujundusest. K\u00f5verdatud osaga on hea paigal hoida keeruliste v\u00e4ljal\u00f5igete osi samal ajal, kui suuremaid t\u00fckke eemaldatakse.<\/p>","protected":false},"featured_media":5670,"template":"","meta":[],"product_brand":[],"product_cat":[263,1184,960,871],"product_tag":[],"class_list":{"0":"post-5669","1":"product","2":"type-product","3":"status-publish","4":"has-post-thumbnail","6":"product_cat-brandid","7":"product_cat-cricut","8":"product_cat-tooriistad","9":"product_cat-vahendid-loikemasinatele","11":"first","12":"instock","13":"taxable","14":"shipping-taxable","15":"purchasable","16":"product-type-simple"},"jetpack_sharing_enabled":true,"_links":{"self":[{"href":"https:\/\/becreative.ee\/en\/wp-json\/wp\/v2\/product\/5669","targetHints":{"allow":["GET"]}}],"collection":[{"href":"https:\/\/becreative.ee\/en\/wp-json\/wp\/v2\/product"}],"about":[{"href":"https:\/\/becreative.ee\/en\/wp-json\/wp\/v2\/types\/product"}],"version-history":[{"count":1,"href":"https:\/\/becreative.ee\/en\/wp-json\/wp\/v2\/product\/5669\/revisions"}],"predecessor-version":[{"id":5671,"href":"https:\/\/becreative.ee\/en\/wp-json\/wp\/v2\/product\/5669\/revisions\/5671"}],"wp:featuredmedia":[{"embeddable":true,"href":"https:\/\/becreative.ee\/en\/wp-json\/wp\/v2\/media\/5670"}],"wp:attachment":[{"href":"https:\/\/becreative.ee\/en\/wp-json\/wp\/v2\/media?parent=5669"}],"wp:term":[{"taxonomy":"product_brand","embeddable":true,"href":"https:\/\/becreative.ee\/en\/wp-json\/wp\/v2\/product_brand?post=5669"},{"taxonomy":"product_cat","embeddable":true,"href":"https:\/\/becreative.ee\/en\/wp-json\/wp\/v2\/product_cat?post=5669"},{"taxonomy":"product_tag","embeddable":true,"href":"https:\/\/becreative.ee\/en\/wp-json\/wp\/v2\/product_tag?post=5669"}],"curies":[{"name":"wp","href":"https:\/\/api.w.org\/{rel}","templated":true}]}}