{"id":5688,"date":"2023-02-14T10:43:47","date_gmt":"2023-02-14T10:43:47","guid":{"rendered":"https:\/\/becreative.ee\/?post_type=product&#038;p=5688"},"modified":"2023-02-14T10:47:36","modified_gmt":"2023-02-14T10:47:36","slug":"cricut-loikematt-305-x-305-cm","status":"publish","type":"product","link":"https:\/\/becreative.ee\/en\/product\/cricut-loikematt-305-x-305-cm\/","title":{"rendered":"Cricut L\u00f5ikematt  30,5 x 30,5 cm"},"content":{"rendered":"<p>Korduvkasutatav matt hoiab materjali l\u00f5ikuse ajal kindlalt paigal. M\u00f5eldud kasutamiseks Cricut Maker ja Cricut Explore masinatega. Mati suurus 30,5 x 30,5 cm.<\/p>\n<p>Sinine matt &#8211; printeri paber, \u00f5huke kartong, vin\u00fc\u00fcl ja teised \u00f5hemad materjalid.<\/p>\n<p>Hoiustamisel hoida kile matil takistamaks tolmu sattumist matile.<\/p>\n<p>Kasutades kaabitsat, on h\u00f5lbus matilt eemaldada pisikesi paberij\u00e4\u00e4ke.<\/p>\n<p>Kasutades spaatlit on lihtsam eemaldada v\u00e4lja l\u00f5igatud kujundusi.<\/p>","protected":false},"excerpt":{"rendered":"<p>Korduvkasutatav matt hoiab materjali l\u00f5ikuse ajal kindlalt paigal. M\u00f5eldud kasutamiseks Cricut Maker ja Cricut Explore masinatega. Mati suurus 30,5 x 30,5 cm.<\/p>\n<p>Sinine matt &#8211; printeri paber, \u00f5huke kartong, vin\u00fc\u00fcl ja teised \u00f5hemad materjalid.<\/p>","protected":false},"featured_media":5689,"template":"","meta":[],"product_brand":[],"product_cat":[263,1184,1185,871],"product_tag":[],"class_list":{"0":"post-5688","1":"product","2":"type-product","3":"status-publish","4":"has-post-thumbnail","6":"product_cat-brandid","7":"product_cat-cricut","8":"product_cat-matid","9":"product_cat-vahendid-loikemasinatele","11":"first","12":"instock","13":"taxable","14":"shipping-taxable","15":"purchasable","16":"product-type-simple"},"jetpack_sharing_enabled":true,"_links":{"self":[{"href":"https:\/\/becreative.ee\/en\/wp-json\/wp\/v2\/product\/5688","targetHints":{"allow":["GET"]}}],"collection":[{"href":"https:\/\/becreative.ee\/en\/wp-json\/wp\/v2\/product"}],"about":[{"href":"https:\/\/becreative.ee\/en\/wp-json\/wp\/v2\/types\/product"}],"version-history":[{"count":1,"href":"https:\/\/becreative.ee\/en\/wp-json\/wp\/v2\/product\/5688\/revisions"}],"predecessor-version":[{"id":5690,"href":"https:\/\/becreative.ee\/en\/wp-json\/wp\/v2\/product\/5688\/revisions\/5690"}],"wp:featuredmedia":[{"embeddable":true,"href":"https:\/\/becreative.ee\/en\/wp-json\/wp\/v2\/media\/5689"}],"wp:attachment":[{"href":"https:\/\/becreative.ee\/en\/wp-json\/wp\/v2\/media?parent=5688"}],"wp:term":[{"taxonomy":"product_brand","embeddable":true,"href":"https:\/\/becreative.ee\/en\/wp-json\/wp\/v2\/product_brand?post=5688"},{"taxonomy":"product_cat","embeddable":true,"href":"https:\/\/becreative.ee\/en\/wp-json\/wp\/v2\/product_cat?post=5688"},{"taxonomy":"product_tag","embeddable":true,"href":"https:\/\/becreative.ee\/en\/wp-json\/wp\/v2\/product_tag?post=5688"}],"curies":[{"name":"wp","href":"https:\/\/api.w.org\/{rel}","templated":true}]}}