{"id":5691,"date":"2023-02-14T11:04:32","date_gmt":"2023-02-14T11:04:32","guid":{"rendered":"https:\/\/becreative.ee\/?post_type=product&#038;p=5691"},"modified":"2023-07-19T12:42:18","modified_gmt":"2023-07-19T12:42:18","slug":"mod-podge-liim-pisikestes-pudelites","status":"publish","type":"product","link":"https:\/\/becreative.ee\/en\/product\/mod-podge-liim-pisikestes-pudelites\/","title":{"rendered":"Mod Podge liim pisikestes pudelites"},"content":{"rendered":"<p>Suurep\u00e4rane v\u00f5imalus \u00e4ra proovida p\u00f5hilisemad Mod Podge liimid. K\u00f5ik \u00fches liim (liim &#8211; hermeetik &#8211; viimistlus) on kiiresti kuivav ning sobib puidule, kangale, plastikule ning l\u00f5uendile. Komplektis viis 59 ml pudelit: s\u00e4tendav, v\u00e4listingimustesse, originaal matt, originaal l\u00e4ikiv ning paber matt.<\/p>","protected":false},"excerpt":{"rendered":"<p>Suurep\u00e4rane v\u00f5imalus \u00e4ra proovida p\u00f5hilisemad Mod Podge liimid. K\u00f5ik \u00fches liim (liim &#8211; hermeetik &#8211; viimistlus) on kiiresti kuivav ning sobib puidule, kangale, plastikule ning l\u00f5uendile. Komplektis viis 59 ml pudelit: s\u00e4tendav, v\u00e4listingimustesse, originaal matt, originaal l\u00e4ikiv ning paber matt.<\/p>","protected":false},"featured_media":5692,"template":"","meta":[],"product_brand":[],"product_cat":[263,1203,1066,1202,991,1014],"product_tag":[],"class_list":{"0":"post-5691","1":"product","2":"type-product","3":"status-publish","4":"has-post-thumbnail","6":"product_cat-brandid","7":"product_cat-liim","8":"product_cat-liimid-teibid","9":"product_cat-mod-podge","10":"product_cat-too-puiduga","11":"product_cat-tood-paberiga","13":"first","14":"instock","15":"taxable","16":"shipping-taxable","17":"purchasable","18":"product-type-simple"},"jetpack_sharing_enabled":true,"_links":{"self":[{"href":"https:\/\/becreative.ee\/en\/wp-json\/wp\/v2\/product\/5691","targetHints":{"allow":["GET"]}}],"collection":[{"href":"https:\/\/becreative.ee\/en\/wp-json\/wp\/v2\/product"}],"about":[{"href":"https:\/\/becreative.ee\/en\/wp-json\/wp\/v2\/types\/product"}],"version-history":[{"count":2,"href":"https:\/\/becreative.ee\/en\/wp-json\/wp\/v2\/product\/5691\/revisions"}],"predecessor-version":[{"id":5694,"href":"https:\/\/becreative.ee\/en\/wp-json\/wp\/v2\/product\/5691\/revisions\/5694"}],"wp:featuredmedia":[{"embeddable":true,"href":"https:\/\/becreative.ee\/en\/wp-json\/wp\/v2\/media\/5692"}],"wp:attachment":[{"href":"https:\/\/becreative.ee\/en\/wp-json\/wp\/v2\/media?parent=5691"}],"wp:term":[{"taxonomy":"product_brand","embeddable":true,"href":"https:\/\/becreative.ee\/en\/wp-json\/wp\/v2\/product_brand?post=5691"},{"taxonomy":"product_cat","embeddable":true,"href":"https:\/\/becreative.ee\/en\/wp-json\/wp\/v2\/product_cat?post=5691"},{"taxonomy":"product_tag","embeddable":true,"href":"https:\/\/becreative.ee\/en\/wp-json\/wp\/v2\/product_tag?post=5691"}],"curies":[{"name":"wp","href":"https:\/\/api.w.org\/{rel}","templated":true}]}}