{"id":5695,"date":"2023-02-16T10:49:20","date_gmt":"2023-02-16T10:49:20","guid":{"rendered":"https:\/\/becreative.ee\/?post_type=product&#038;p=5695"},"modified":"2024-08-26T07:14:08","modified_gmt":"2024-08-26T07:14:08","slug":"prym-poordekomplekt-kangale","status":"publish","type":"product","link":"https:\/\/becreative.ee\/en\/product\/prym-poordekomplekt-kangale\/","title":{"rendered":"Prym p\u00f6\u00f6rdekomplekt kangale"},"content":{"rendered":"<p>\u00c4\u00e4rmiselt praktiline t\u00f6\u00f6riist, mis muudab \u00f5mmeldud kanga pahupoolelt kanga \u00f5igele poolele p\u00f6\u00f6ramise \u00fclilihtsaks (juuksekummide valmistamisel, nukkude k\u00e4ed ja jalad jne.). Pakendis kaks erineva suurusega t\u00f6\u00f6riista. M &#8211; kanga laiusele 19 &#8211; 25 mm, L &#8211; kanga laiusele alates 25 mm.<\/p>","protected":false},"excerpt":{"rendered":"<p>\u00c4\u00e4rmiselt praktiline t\u00f6\u00f6riist, mis muudab \u00f5mmeldud kanga pahupoolelt kanga \u00f5igele poolele p\u00f6\u00f6ramise \u00fclilihtsaks (juuksekummide valmistamisel, nukkude k\u00e4ed ja jalad jne.). Pakendis kaks erineva suurusega t\u00f6\u00f6riista. M &#8211; kanga laiusele 19 &#8211; 25 mm, L &#8211; kanga laiusele alates 25 mm.<\/p>","protected":false},"featured_media":5696,"template":"","meta":[],"product_brand":[],"product_cat":[263,932,272,1204],"product_tag":[],"class_list":{"0":"post-5695","1":"product","2":"type-product","3":"status-publish","4":"has-post-thumbnail","6":"product_cat-brandid","7":"product_cat-omblemine","8":"product_cat-prym","9":"product_cat-tooriistad-omblemine","11":"first","12":"instock","13":"taxable","14":"shipping-taxable","15":"purchasable","16":"product-type-simple"},"jetpack_sharing_enabled":true,"_links":{"self":[{"href":"https:\/\/becreative.ee\/en\/wp-json\/wp\/v2\/product\/5695","targetHints":{"allow":["GET"]}}],"collection":[{"href":"https:\/\/becreative.ee\/en\/wp-json\/wp\/v2\/product"}],"about":[{"href":"https:\/\/becreative.ee\/en\/wp-json\/wp\/v2\/types\/product"}],"version-history":[{"count":1,"href":"https:\/\/becreative.ee\/en\/wp-json\/wp\/v2\/product\/5695\/revisions"}],"predecessor-version":[{"id":5697,"href":"https:\/\/becreative.ee\/en\/wp-json\/wp\/v2\/product\/5695\/revisions\/5697"}],"wp:featuredmedia":[{"embeddable":true,"href":"https:\/\/becreative.ee\/en\/wp-json\/wp\/v2\/media\/5696"}],"wp:attachment":[{"href":"https:\/\/becreative.ee\/en\/wp-json\/wp\/v2\/media?parent=5695"}],"wp:term":[{"taxonomy":"product_brand","embeddable":true,"href":"https:\/\/becreative.ee\/en\/wp-json\/wp\/v2\/product_brand?post=5695"},{"taxonomy":"product_cat","embeddable":true,"href":"https:\/\/becreative.ee\/en\/wp-json\/wp\/v2\/product_cat?post=5695"},{"taxonomy":"product_tag","embeddable":true,"href":"https:\/\/becreative.ee\/en\/wp-json\/wp\/v2\/product_tag?post=5695"}],"curies":[{"name":"wp","href":"https:\/\/api.w.org\/{rel}","templated":true}]}}