{"id":5744,"date":"2023-03-28T12:40:02","date_gmt":"2023-03-28T12:40:02","guid":{"rendered":"https:\/\/becreative.ee\/?post_type=product&#038;p=5744"},"modified":"2026-01-14T13:04:57","modified_gmt":"2026-01-14T13:04:57","slug":"de-witte-engel-kraasvill-1-kg","status":"publish","type":"product","link":"https:\/\/becreative.ee\/en\/product\/de-witte-engel-kraasvill-1-kg\/","title":{"rendered":"De Witte Engel kraasvill 1 kg"},"content":{"rendered":"<p>Oekotex sertifikaadiga kraasvill sobib suurep\u00e4raselt pehmete m\u00e4nguasjade t\u00e4iteks ning Waldorf ja Steiner nukude valmistamiseks. Pakendis 1 kg.<\/p>","protected":false},"excerpt":{"rendered":"<p>Oekotex sertifikaadiga kraasvill sobib suurep\u00e4raselt pehmete m\u00e4nguasjade t\u00e4iteks ning Waldorf ja Steiner nukude valmistamiseks. Pakendis 1 kg.<\/p>","protected":false},"featured_media":5765,"template":"","meta":[],"product_brand":[],"product_cat":[263,1210,17,140,1211],"product_tag":[],"class_list":{"0":"post-5744","1":"product","2":"type-product","3":"status-publish","4":"has-post-thumbnail","6":"product_cat-brandid","7":"product_cat-de-witte-engel","8":"product_cat-manguasjadevalmistamine","9":"product_cat-taide","10":"product_cat-waldorfnuku-materjalid","12":"first","13":"instock","14":"taxable","15":"shipping-taxable","16":"purchasable","17":"product-type-simple"},"jetpack_sharing_enabled":true,"_links":{"self":[{"href":"https:\/\/becreative.ee\/en\/wp-json\/wp\/v2\/product\/5744","targetHints":{"allow":["GET"]}}],"collection":[{"href":"https:\/\/becreative.ee\/en\/wp-json\/wp\/v2\/product"}],"about":[{"href":"https:\/\/becreative.ee\/en\/wp-json\/wp\/v2\/types\/product"}],"version-history":[{"count":1,"href":"https:\/\/becreative.ee\/en\/wp-json\/wp\/v2\/product\/5744\/revisions"}],"predecessor-version":[{"id":5745,"href":"https:\/\/becreative.ee\/en\/wp-json\/wp\/v2\/product\/5744\/revisions\/5745"}],"wp:featuredmedia":[{"embeddable":true,"href":"https:\/\/becreative.ee\/en\/wp-json\/wp\/v2\/media\/5765"}],"wp:attachment":[{"href":"https:\/\/becreative.ee\/en\/wp-json\/wp\/v2\/media?parent=5744"}],"wp:term":[{"taxonomy":"product_brand","embeddable":true,"href":"https:\/\/becreative.ee\/en\/wp-json\/wp\/v2\/product_brand?post=5744"},{"taxonomy":"product_cat","embeddable":true,"href":"https:\/\/becreative.ee\/en\/wp-json\/wp\/v2\/product_cat?post=5744"},{"taxonomy":"product_tag","embeddable":true,"href":"https:\/\/becreative.ee\/en\/wp-json\/wp\/v2\/product_tag?post=5744"}],"curies":[{"name":"wp","href":"https:\/\/api.w.org\/{rel}","templated":true}]}}