{"id":5773,"date":"2023-03-30T10:23:05","date_gmt":"2023-03-30T10:23:05","guid":{"rendered":"https:\/\/becreative.ee\/?post_type=product&#038;p=5773"},"modified":"2025-03-21T13:30:28","modified_gmt":"2025-03-21T13:30:28","slug":"puidust-rongas-305-cm","status":"publish","type":"product","link":"https:\/\/becreative.ee\/en\/product\/puidust-rongas-305-cm\/","title":{"rendered":"Puidust r\u00f5ngas 30,5 cm"},"content":{"rendered":"<p>Puidust valmistatud r\u00f5ngast kasutatakse erinevate kaunistuste osana, p\u00e4rgade ja unen\u00e4op\u00fc\u00fcdjate valmistamisel, tikkimist\u00f6\u00f6de viimistlemisel, makrameet\u00f6\u00f6des ja paljudes teistes projektides. R\u00f5nga diameeter on 30,5 cm, paksus 0,5 cm ning s\u00fcgavus 0,8 cm.<\/p>","protected":false},"excerpt":{"rendered":"<p>Puidust valmistatud r\u00f5ngast kasutatakse erinevate kaunistuste osana, p\u00e4rgade ja unen\u00e4op\u00fc\u00fcdjate valmistamisel, tikkimist\u00f6\u00f6de viimistlemisel, makrameet\u00f6\u00f6des ja paljudes teistes projektides. R\u00f5nga diameeter on 30,5 cm, paksus 0,5 cm ning s\u00fcgavus 0,8 cm.<\/p>","protected":false},"featured_media":5770,"template":"","meta":[],"product_brand":[],"product_cat":[263,1210,279,912,914,340],"product_tag":[],"class_list":{"0":"post-5773","1":"product","2":"type-product","3":"status-publish","4":"has-post-thumbnail","6":"product_cat-brandid","7":"product_cat-de-witte-engel","8":"product_cat-kasitooks-vajalik","9":"product_cat-makramee","10":"product_cat-rongad-makramee","11":"product_cat-rongad","13":"first","14":"instock","15":"taxable","16":"shipping-taxable","17":"purchasable","18":"product-type-simple"},"jetpack_sharing_enabled":true,"_links":{"self":[{"href":"https:\/\/becreative.ee\/en\/wp-json\/wp\/v2\/product\/5773","targetHints":{"allow":["GET"]}}],"collection":[{"href":"https:\/\/becreative.ee\/en\/wp-json\/wp\/v2\/product"}],"about":[{"href":"https:\/\/becreative.ee\/en\/wp-json\/wp\/v2\/types\/product"}],"version-history":[{"count":2,"href":"https:\/\/becreative.ee\/en\/wp-json\/wp\/v2\/product\/5773\/revisions"}],"predecessor-version":[{"id":5782,"href":"https:\/\/becreative.ee\/en\/wp-json\/wp\/v2\/product\/5773\/revisions\/5782"}],"wp:featuredmedia":[{"embeddable":true,"href":"https:\/\/becreative.ee\/en\/wp-json\/wp\/v2\/media\/5770"}],"wp:attachment":[{"href":"https:\/\/becreative.ee\/en\/wp-json\/wp\/v2\/media?parent=5773"}],"wp:term":[{"taxonomy":"product_brand","embeddable":true,"href":"https:\/\/becreative.ee\/en\/wp-json\/wp\/v2\/product_brand?post=5773"},{"taxonomy":"product_cat","embeddable":true,"href":"https:\/\/becreative.ee\/en\/wp-json\/wp\/v2\/product_cat?post=5773"},{"taxonomy":"product_tag","embeddable":true,"href":"https:\/\/becreative.ee\/en\/wp-json\/wp\/v2\/product_tag?post=5773"}],"curies":[{"name":"wp","href":"https:\/\/api.w.org\/{rel}","templated":true}]}}