{"id":5785,"date":"2023-04-03T16:42:19","date_gmt":"2023-04-03T16:42:19","guid":{"rendered":"https:\/\/becreative.ee\/?post_type=product&#038;p=5785"},"modified":"2025-05-18T17:43:01","modified_gmt":"2025-05-18T17:43:01","slug":"kirsikivid-manguasjade-taitmiseks","status":"publish","type":"product","link":"https:\/\/becreative.ee\/en\/product\/kirsikivid-manguasjade-taitmiseks\/","title":{"rendered":"Kirsikivid m\u00e4nguasjade t\u00e4itmiseks"},"content":{"rendered":"<p>Kirsikivid on m\u00f5eldud \u00f5mmeldud, heegeldatud v\u00f5i kootud m\u00e4nguasjade osaliseks t\u00e4itmiseks. Kirsikivid on raskemad, kui tavaline t\u00e4ide ja t\u00e4nu sellele saab m\u00e4nguasjade osasid suunata raskusega endale sobivas suunas. Kirsikivid soovitatakse enne m\u00e4nguasja asetamist \u00fcmbritseda \u00f5hukese kangaga. Toode on 100% looduslik . Paki kaal 250 g.<\/p>","protected":false},"excerpt":{"rendered":"<p>Kirsikivid on m\u00f5eldud \u00f5mmeldud, heegeldatud v\u00f5i kootud m\u00e4nguasjade osaliseks t\u00e4itmiseks. Kirsikivid on raskemad, kui tavaline t\u00e4ide ja t\u00e4nu sellele saab m\u00e4nguasjade osasid suunata raskusega endale sobivas suunas. Kirsikivid soovitatakse enne m\u00e4nguasja asetamist \u00fcmbritseda \u00f5hukese kangaga. Toode on 100% looduslik . Paki kaal 250 g.<\/p>","protected":false},"featured_media":5787,"template":"","meta":[],"product_brand":[],"product_cat":[263,1210,17,140],"product_tag":[],"class_list":{"0":"post-5785","1":"product","2":"type-product","3":"status-publish","4":"has-post-thumbnail","6":"product_cat-brandid","7":"product_cat-de-witte-engel","8":"product_cat-manguasjadevalmistamine","9":"product_cat-taide","11":"first","12":"instock","13":"taxable","14":"shipping-taxable","15":"purchasable","16":"product-type-simple"},"jetpack_sharing_enabled":true,"_links":{"self":[{"href":"https:\/\/becreative.ee\/en\/wp-json\/wp\/v2\/product\/5785","targetHints":{"allow":["GET"]}}],"collection":[{"href":"https:\/\/becreative.ee\/en\/wp-json\/wp\/v2\/product"}],"about":[{"href":"https:\/\/becreative.ee\/en\/wp-json\/wp\/v2\/types\/product"}],"version-history":[{"count":1,"href":"https:\/\/becreative.ee\/en\/wp-json\/wp\/v2\/product\/5785\/revisions"}],"predecessor-version":[{"id":5788,"href":"https:\/\/becreative.ee\/en\/wp-json\/wp\/v2\/product\/5785\/revisions\/5788"}],"wp:featuredmedia":[{"embeddable":true,"href":"https:\/\/becreative.ee\/en\/wp-json\/wp\/v2\/media\/5787"}],"wp:attachment":[{"href":"https:\/\/becreative.ee\/en\/wp-json\/wp\/v2\/media?parent=5785"}],"wp:term":[{"taxonomy":"product_brand","embeddable":true,"href":"https:\/\/becreative.ee\/en\/wp-json\/wp\/v2\/product_brand?post=5785"},{"taxonomy":"product_cat","embeddable":true,"href":"https:\/\/becreative.ee\/en\/wp-json\/wp\/v2\/product_cat?post=5785"},{"taxonomy":"product_tag","embeddable":true,"href":"https:\/\/becreative.ee\/en\/wp-json\/wp\/v2\/product_tag?post=5785"}],"curies":[{"name":"wp","href":"https:\/\/api.w.org\/{rel}","templated":true}]}}