{"id":5791,"date":"2023-04-05T18:19:57","date_gmt":"2023-04-05T18:19:57","guid":{"rendered":"https:\/\/becreative.ee\/?post_type=product&#038;p=5791"},"modified":"2025-12-10T18:57:19","modified_gmt":"2025-12-10T18:57:19","slug":"puuvillane-kootud-toru-8-cm","status":"publish","type":"product","link":"https:\/\/becreative.ee\/en\/product\/puuvillane-kootud-toru-8-cm\/","title":{"rendered":"Puuvillane kootud toru 8 cm"},"content":{"rendered":"<p>Suurep\u00e4ranselt veniv puuvillast ringselt kootud toru nukupeade valmistamiseks. Lihtne viis minna \u00fcle villapallist pea edasiseks moodustamiseks. Toru laius 8 cm. \u00dche t\u00fcki kogus 25 cm.<\/p>","protected":false},"excerpt":{"rendered":"<p>Suurep\u00e4ranselt veniv puuvillast ringselt kootud toru nukupeade valmistamiseks. Lihtne viis minna \u00fcle villapallist pea edasiseks moodustamiseks. Toru laius 8 cm. \u00dche t\u00fcki kogus 25 cm.<\/p>","protected":false},"featured_media":5915,"template":"","meta":[],"product_brand":[],"product_cat":[263,1210,1209,17,1211],"product_tag":[],"class_list":{"0":"post-5791","1":"product","2":"type-product","3":"status-publish","4":"has-post-thumbnail","6":"product_cat-brandid","7":"product_cat-de-witte-engel","8":"product_cat-kangas-manguasjadevalmistamine","9":"product_cat-manguasjadevalmistamine","10":"product_cat-waldorfnuku-materjalid","12":"first","13":"instock","14":"taxable","15":"shipping-taxable","16":"purchasable","17":"product-type-simple"},"jetpack_sharing_enabled":true,"_links":{"self":[{"href":"https:\/\/becreative.ee\/en\/wp-json\/wp\/v2\/product\/5791","targetHints":{"allow":["GET"]}}],"collection":[{"href":"https:\/\/becreative.ee\/en\/wp-json\/wp\/v2\/product"}],"about":[{"href":"https:\/\/becreative.ee\/en\/wp-json\/wp\/v2\/types\/product"}],"version-history":[{"count":1,"href":"https:\/\/becreative.ee\/en\/wp-json\/wp\/v2\/product\/5791\/revisions"}],"predecessor-version":[{"id":5793,"href":"https:\/\/becreative.ee\/en\/wp-json\/wp\/v2\/product\/5791\/revisions\/5793"}],"wp:featuredmedia":[{"embeddable":true,"href":"https:\/\/becreative.ee\/en\/wp-json\/wp\/v2\/media\/5915"}],"wp:attachment":[{"href":"https:\/\/becreative.ee\/en\/wp-json\/wp\/v2\/media?parent=5791"}],"wp:term":[{"taxonomy":"product_brand","embeddable":true,"href":"https:\/\/becreative.ee\/en\/wp-json\/wp\/v2\/product_brand?post=5791"},{"taxonomy":"product_cat","embeddable":true,"href":"https:\/\/becreative.ee\/en\/wp-json\/wp\/v2\/product_cat?post=5791"},{"taxonomy":"product_tag","embeddable":true,"href":"https:\/\/becreative.ee\/en\/wp-json\/wp\/v2\/product_tag?post=5791"}],"curies":[{"name":"wp","href":"https:\/\/api.w.org\/{rel}","templated":true}]}}