{"id":5817,"date":"2023-04-19T16:34:10","date_gmt":"2023-04-19T16:34:10","guid":{"rendered":"https:\/\/becreative.ee\/?post_type=product&#038;p=5817"},"modified":"2025-12-10T18:57:20","modified_gmt":"2025-12-10T18:57:20","slug":"vildipallid-18-mm","status":"publish","type":"product","link":"https:\/\/becreative.ee\/en\/product\/vildipallid-18-mm\/","title":{"rendered":"Vildipallid 18 mm"},"content":{"rendered":"<p>Vildipalle on v\u00f5imalik kasutada v\u00e4ga paljudes erinevates projektides. Nendest tehakse ehteid, kaunistatakse kotte v\u00f5i muid riideesemeid, kasutatakse tuba kaunistades v\u00f5i lisatakse m\u00e4nguasjadele. 100% villast valmistatud vildipallid on valmistatud k\u00e4sitsi. Suurus 18 mm.<\/p>","protected":false},"excerpt":{"rendered":"<p>Vildipalle on v\u00f5imalik kasutada v\u00e4ga paljudes erinevates projektides. Nendest tehakse ehteid, kaunistatakse kotte v\u00f5i muid riideesemeid, kasutatakse tuba kaunistades v\u00f5i lisatakse m\u00e4nguasjadele. 100% villast valmistatud vildipallid on valmistatud k\u00e4sitsi. Suurus 18 mm.<\/p>","protected":false},"featured_media":5813,"template":"","meta":[],"product_brand":[],"product_cat":[263,1210,279,1221,520,1083],"product_tag":[],"class_list":{"0":"post-5817","1":"product","2":"type-product","3":"status-publish","4":"has-post-thumbnail","6":"product_cat-brandid","7":"product_cat-de-witte-engel","8":"product_cat-kasitooks-vajalik","9":"product_cat-vildipallid","10":"product_cat-vilt","11":"product_cat-viltimine","13":"first","14":"instock","15":"taxable","16":"shipping-taxable","17":"purchasable","18":"product-type-variable"},"jetpack_sharing_enabled":true,"_links":{"self":[{"href":"https:\/\/becreative.ee\/en\/wp-json\/wp\/v2\/product\/5817","targetHints":{"allow":["GET"]}}],"collection":[{"href":"https:\/\/becreative.ee\/en\/wp-json\/wp\/v2\/product"}],"about":[{"href":"https:\/\/becreative.ee\/en\/wp-json\/wp\/v2\/types\/product"}],"version-history":[{"count":1,"href":"https:\/\/becreative.ee\/en\/wp-json\/wp\/v2\/product\/5817\/revisions"}],"predecessor-version":[{"id":5824,"href":"https:\/\/becreative.ee\/en\/wp-json\/wp\/v2\/product\/5817\/revisions\/5824"}],"wp:featuredmedia":[{"embeddable":true,"href":"https:\/\/becreative.ee\/en\/wp-json\/wp\/v2\/media\/5813"}],"wp:attachment":[{"href":"https:\/\/becreative.ee\/en\/wp-json\/wp\/v2\/media?parent=5817"}],"wp:term":[{"taxonomy":"product_brand","embeddable":true,"href":"https:\/\/becreative.ee\/en\/wp-json\/wp\/v2\/product_brand?post=5817"},{"taxonomy":"product_cat","embeddable":true,"href":"https:\/\/becreative.ee\/en\/wp-json\/wp\/v2\/product_cat?post=5817"},{"taxonomy":"product_tag","embeddable":true,"href":"https:\/\/becreative.ee\/en\/wp-json\/wp\/v2\/product_tag?post=5817"}],"curies":[{"name":"wp","href":"https:\/\/api.w.org\/{rel}","templated":true}]}}