{"id":5828,"date":"2023-04-20T09:15:20","date_gmt":"2023-04-20T09:15:20","guid":{"rendered":"https:\/\/becreative.ee\/?post_type=product&#038;p=5828"},"modified":"2023-12-11T10:02:39","modified_gmt":"2023-12-11T10:02:39","slug":"louna-ameerika-meriinovill","status":"publish","type":"product","link":"https:\/\/becreative.ee\/en\/product\/louna-ameerika-meriinovill\/","title":{"rendered":"L\u00f5una-Ameerika Meriinovill"},"content":{"rendered":"<p>Vill sobib suurep\u00e4raselt m\u00e4rgviltimiseks, kuivviltimiseks, ketramiseks ja kudumiseks. 27 mikronit. Pakend 50 g.<\/p>","protected":false},"excerpt":{"rendered":"<p>Vill sobib suurep\u00e4raselt m\u00e4rgviltimiseks, kuivviltimiseks, ketramiseks ja kudumiseks. 27 mikronit. Pakend 50 g.<\/p>","protected":false},"featured_media":5827,"template":"","meta":[],"product_brand":[],"product_cat":[263,1210,1084,1083],"product_tag":[],"class_list":{"0":"post-5828","1":"product","2":"type-product","3":"status-publish","4":"has-post-thumbnail","6":"product_cat-brandid","7":"product_cat-de-witte-engel","8":"product_cat-vill","9":"product_cat-viltimine","11":"first","12":"instock","13":"taxable","14":"shipping-taxable","15":"purchasable","16":"product-type-variable"},"jetpack_sharing_enabled":true,"_links":{"self":[{"href":"https:\/\/becreative.ee\/en\/wp-json\/wp\/v2\/product\/5828","targetHints":{"allow":["GET"]}}],"collection":[{"href":"https:\/\/becreative.ee\/en\/wp-json\/wp\/v2\/product"}],"about":[{"href":"https:\/\/becreative.ee\/en\/wp-json\/wp\/v2\/types\/product"}],"version-history":[{"count":1,"href":"https:\/\/becreative.ee\/en\/wp-json\/wp\/v2\/product\/5828\/revisions"}],"predecessor-version":[{"id":5829,"href":"https:\/\/becreative.ee\/en\/wp-json\/wp\/v2\/product\/5828\/revisions\/5829"}],"wp:featuredmedia":[{"embeddable":true,"href":"https:\/\/becreative.ee\/en\/wp-json\/wp\/v2\/media\/5827"}],"wp:attachment":[{"href":"https:\/\/becreative.ee\/en\/wp-json\/wp\/v2\/media?parent=5828"}],"wp:term":[{"taxonomy":"product_brand","embeddable":true,"href":"https:\/\/becreative.ee\/en\/wp-json\/wp\/v2\/product_brand?post=5828"},{"taxonomy":"product_cat","embeddable":true,"href":"https:\/\/becreative.ee\/en\/wp-json\/wp\/v2\/product_cat?post=5828"},{"taxonomy":"product_tag","embeddable":true,"href":"https:\/\/becreative.ee\/en\/wp-json\/wp\/v2\/product_tag?post=5828"}],"curies":[{"name":"wp","href":"https:\/\/api.w.org\/{rel}","templated":true}]}}