{"id":5836,"date":"2023-04-24T17:40:07","date_gmt":"2023-04-24T17:40:07","guid":{"rendered":"https:\/\/becreative.ee\/?post_type=product&#038;p=5836"},"modified":"2026-02-07T07:53:33","modified_gmt":"2026-02-07T07:53:33","slug":"long-happy-chunky-double","status":"publish","type":"product","link":"https:\/\/becreative.ee\/en\/product\/long-happy-chunky-double\/","title":{"rendered":"L\u00f5ng Happy Chunky &#8220;double&#8221;"},"content":{"rendered":"<p>L\u00f5ng: 100% pol\u00fcester<\/p>\n<p>V\u00e4rv: erinevad v\u00e4rvid<\/p>\n<p>Varda suurus: 6 \u2013 10 mm<\/p>\n<p>Heegeln\u00f5ela suurus: 6 \u2013 10 mm<\/p>\n<p>Kaal: 50 g<\/p>\n<p>L\u00f5nga pikkus: 33 m<\/p>\n<p>&nbsp;<\/p>\n<p>Pesujuhised:<\/p>\n<p><img decoding=\"async\" class=\"alignnone size-full wp-image-1286\" src=\"https:\/\/becreative.ee\/wp-content\/uploads\/2020\/04\/pesemine_40-kraadi.png\" alt=\"\" width=\"50\" height=\"50\" \/> <img decoding=\"async\" class=\"alignnone size-full wp-image-298\" src=\"https:\/\/becreative.ee\/wp-content\/uploads\/2020\/03\/trummelkuivatus_keelatud.png\" alt=\"\" width=\"50\" height=\"50\" \/> <img decoding=\"async\" class=\"alignnone size-full wp-image-1407\" src=\"https:\/\/becreative.ee\/wp-content\/uploads\/2020\/05\/triikimine_keelatud.png\" alt=\"\" width=\"50\" height=\"50\" \/> <img loading=\"lazy\" decoding=\"async\" class=\"alignnone size-full wp-image-299\" src=\"https:\/\/becreative.ee\/wp-content\/uploads\/2020\/03\/valgendamine-keelatud.png\" alt=\"\" width=\"50\" height=\"50\" \/> <img loading=\"lazy\" decoding=\"async\" class=\"alignnone size-full wp-image-302\" src=\"https:\/\/becreative.ee\/wp-content\/uploads\/2020\/03\/kuivatada_laotatult.png\" alt=\"\" width=\"50\" height=\"50\" \/> <img loading=\"lazy\" decoding=\"async\" class=\"alignnone size-full wp-image-1014\" src=\"https:\/\/becreative.ee\/wp-content\/uploads\/2020\/04\/pesumajale_antav_teave_pesuvahendi_tekstiili_kohta.png\" alt=\"\" width=\"50\" height=\"50\" \/><\/p>\n<p>&nbsp;<\/p>\n<p>Happy Chunky &#8220;double&#8221; on \u00e4\u00e4rmiselt pehme \u0161enilll\u00f5ng. Sobib v\u00e4ga h\u00e4sti laste m\u00e4nguasjade valmistamiseks ning erinevateks kodutekstiili projektideks. Tootel on AZO sertifikaat.<\/p>","protected":false},"excerpt":{"rendered":"<p>L\u00f5ng: 100% pol\u00fcester<\/p>\n<p>V\u00e4rv: erinevad v\u00e4rvid<\/p>\n<p>Varda suurus: 6 \u2013 10 mm<\/p>\n<p>Heegeln\u00f5ela suurus: 6 \u2013 10 mm<\/p>\n<p>Kaal: 50 g<\/p>\n<p>L\u00f5nga pikkus: 33 m<\/p>","protected":false},"featured_media":5838,"template":"","meta":[],"product_brand":[],"product_cat":[263,265,23,580],"product_tag":[],"class_list":{"0":"post-5836","1":"product","2":"type-product","3":"status-publish","4":"has-post-thumbnail","6":"product_cat-brandid","7":"product_cat-go-handmade","8":"product_cat-longad","9":"product_cat-poluester","11":"first","12":"instock","13":"taxable","14":"shipping-taxable","15":"purchasable","16":"product-type-variable"},"jetpack_sharing_enabled":true,"_links":{"self":[{"href":"https:\/\/becreative.ee\/en\/wp-json\/wp\/v2\/product\/5836","targetHints":{"allow":["GET"]}}],"collection":[{"href":"https:\/\/becreative.ee\/en\/wp-json\/wp\/v2\/product"}],"about":[{"href":"https:\/\/becreative.ee\/en\/wp-json\/wp\/v2\/types\/product"}],"version-history":[{"count":2,"href":"https:\/\/becreative.ee\/en\/wp-json\/wp\/v2\/product\/5836\/revisions"}],"predecessor-version":[{"id":5840,"href":"https:\/\/becreative.ee\/en\/wp-json\/wp\/v2\/product\/5836\/revisions\/5840"}],"wp:featuredmedia":[{"embeddable":true,"href":"https:\/\/becreative.ee\/en\/wp-json\/wp\/v2\/media\/5838"}],"wp:attachment":[{"href":"https:\/\/becreative.ee\/en\/wp-json\/wp\/v2\/media?parent=5836"}],"wp:term":[{"taxonomy":"product_brand","embeddable":true,"href":"https:\/\/becreative.ee\/en\/wp-json\/wp\/v2\/product_brand?post=5836"},{"taxonomy":"product_cat","embeddable":true,"href":"https:\/\/becreative.ee\/en\/wp-json\/wp\/v2\/product_cat?post=5836"},{"taxonomy":"product_tag","embeddable":true,"href":"https:\/\/becreative.ee\/en\/wp-json\/wp\/v2\/product_tag?post=5836"}],"curies":[{"name":"wp","href":"https:\/\/api.w.org\/{rel}","templated":true}]}}