{"id":5884,"date":"2023-06-12T17:18:18","date_gmt":"2023-06-12T17:18:18","guid":{"rendered":"https:\/\/becreative.ee\/?post_type=product&#038;p=5884"},"modified":"2026-02-26T13:02:40","modified_gmt":"2026-02-26T13:02:40","slug":"de-witte-engel-nuku-kangas-meetriga","status":"publish","type":"product","link":"https:\/\/becreative.ee\/en\/product\/de-witte-engel-nuku-kangas-meetriga\/","title":{"rendered":"De Witte Engel nuku kangas meetriga"},"content":{"rendered":"<p>Euroopa n\u00f5uetele vastav Doll Jersey kangas on m\u00f5eldud Waldorf \/ Steineri nukkude v\u00f5i \u00fcksk\u00f5ik milliste teiste nukkude valmistamiseks. Kangas on valmistatud 100% puuvillasest l\u00f5ngast ning v\u00e4rvitud vastavalt EN71 n\u00f5uetele. T\u00e4nu erilisele kudumise tehnikale on kangas vastupidav ning ei j\u00e4\u00e4 venitades l\u00e4bi kumama. Kangale on v\u00e4ljastatud Okotex sertifikaat. Kanga laius 80 cm. 1 t\u00fcki pikkus 50 cm.<\/p>","protected":false},"excerpt":{"rendered":"<p>Euroopa n\u00f5uetele vastav Doll Jersey kangas on m\u00f5eldud Waldorf \/ Steineri nukkude v\u00f5i \u00fcksk\u00f5ik milliste teiste nukkude valmistamiseks. Kangas on valmistatud 100% puuvillasest l\u00f5ngast ning v\u00e4rvitud vastavalt EN71 n\u00f5uetele. T\u00e4nu erilisele kudumise tehnikale on kangas vastupidav ning ei j\u00e4\u00e4 venitades l\u00e4bi kumama. Kangale on v\u00e4ljastatud Okotex sertifikaat. Kanga laius 80 cm. 1 t\u00fcki pikkus 50 cm.<\/p>","protected":false},"featured_media":5753,"template":"","meta":[],"product_brand":[],"product_cat":[263,1210,1209,17,1211],"product_tag":[],"class_list":{"0":"post-5884","1":"product","2":"type-product","3":"status-publish","4":"has-post-thumbnail","6":"product_cat-brandid","7":"product_cat-de-witte-engel","8":"product_cat-kangas-manguasjadevalmistamine","9":"product_cat-manguasjadevalmistamine","10":"product_cat-waldorfnuku-materjalid","12":"first","13":"instock","14":"taxable","15":"shipping-taxable","16":"purchasable","17":"product-type-variable"},"jetpack_sharing_enabled":true,"_links":{"self":[{"href":"https:\/\/becreative.ee\/en\/wp-json\/wp\/v2\/product\/5884","targetHints":{"allow":["GET"]}}],"collection":[{"href":"https:\/\/becreative.ee\/en\/wp-json\/wp\/v2\/product"}],"about":[{"href":"https:\/\/becreative.ee\/en\/wp-json\/wp\/v2\/types\/product"}],"version-history":[{"count":1,"href":"https:\/\/becreative.ee\/en\/wp-json\/wp\/v2\/product\/5884\/revisions"}],"predecessor-version":[{"id":5889,"href":"https:\/\/becreative.ee\/en\/wp-json\/wp\/v2\/product\/5884\/revisions\/5889"}],"wp:featuredmedia":[{"embeddable":true,"href":"https:\/\/becreative.ee\/en\/wp-json\/wp\/v2\/media\/5753"}],"wp:attachment":[{"href":"https:\/\/becreative.ee\/en\/wp-json\/wp\/v2\/media?parent=5884"}],"wp:term":[{"taxonomy":"product_brand","embeddable":true,"href":"https:\/\/becreative.ee\/en\/wp-json\/wp\/v2\/product_brand?post=5884"},{"taxonomy":"product_cat","embeddable":true,"href":"https:\/\/becreative.ee\/en\/wp-json\/wp\/v2\/product_cat?post=5884"},{"taxonomy":"product_tag","embeddable":true,"href":"https:\/\/becreative.ee\/en\/wp-json\/wp\/v2\/product_tag?post=5884"}],"curies":[{"name":"wp","href":"https:\/\/api.w.org\/{rel}","templated":true}]}}