{"id":5897,"date":"2023-06-14T18:51:54","date_gmt":"2023-06-14T18:51:54","guid":{"rendered":"https:\/\/becreative.ee\/?post_type=product&#038;p=5897"},"modified":"2023-09-21T08:56:25","modified_gmt":"2023-09-21T08:56:25","slug":"taimne-tekstiilivarv-alkanet","status":"publish","type":"product","link":"https:\/\/becreative.ee\/en\/product\/taimne-tekstiilivarv-alkanet\/","title":{"rendered":"Taimne tekstiiliv\u00e4rv &#8211; Alkanet"},"content":{"rendered":"<p>Alkaneti juurt saab kasutada tekstiili v\u00e4rvimiseks. Olenevalt vahenditest on tulemuseks kas lillad v\u00f5i sinakashallid toonid. Alkaneti juurega v\u00e4rvides on t\u00e4htis teada, et see ei lahustu h\u00e4sti vees vaid alkoholis (96%) v\u00f5i met\u00fc\u00fclalkoholis. Saadud ekstrakti kasutada l\u00f5nga v\u00f5i kanga v\u00e4rvimisel. Pakend 100 g.<\/p>","protected":false},"excerpt":{"rendered":"<p>Alkaneti juurt saab kasutada tekstiili v\u00e4rvimiseks. Olenevalt vahenditest on tulemuseks kas lillad v\u00f5i sinakashallid toonid. Alkaneti juurega v\u00e4rvides on t\u00e4htis teada, et see ei lahustu h\u00e4sti vees vaid alkoholis (96%) v\u00f5i met\u00fc\u00fclalkoholis. Saadud ekstrakti kasutada l\u00f5nga v\u00f5i kanga v\u00e4rvimisel. Pakend 100 g.<\/p>","protected":false},"featured_media":5898,"template":"","meta":[],"product_brand":[],"product_cat":[1256,1229,1230],"product_tag":[],"class_list":{"0":"post-5897","1":"product","2":"type-product","3":"status-publish","4":"has-post-thumbnail","6":"product_cat-taimsed-varvid","7":"product_cat-tekstiili-varvimine","8":"product_cat-tekstiilivarvid","10":"first","11":"instock","12":"taxable","13":"shipping-taxable","14":"purchasable","15":"product-type-simple"},"jetpack_sharing_enabled":true,"_links":{"self":[{"href":"https:\/\/becreative.ee\/en\/wp-json\/wp\/v2\/product\/5897","targetHints":{"allow":["GET"]}}],"collection":[{"href":"https:\/\/becreative.ee\/en\/wp-json\/wp\/v2\/product"}],"about":[{"href":"https:\/\/becreative.ee\/en\/wp-json\/wp\/v2\/types\/product"}],"version-history":[{"count":1,"href":"https:\/\/becreative.ee\/en\/wp-json\/wp\/v2\/product\/5897\/revisions"}],"predecessor-version":[{"id":5899,"href":"https:\/\/becreative.ee\/en\/wp-json\/wp\/v2\/product\/5897\/revisions\/5899"}],"wp:featuredmedia":[{"embeddable":true,"href":"https:\/\/becreative.ee\/en\/wp-json\/wp\/v2\/media\/5898"}],"wp:attachment":[{"href":"https:\/\/becreative.ee\/en\/wp-json\/wp\/v2\/media?parent=5897"}],"wp:term":[{"taxonomy":"product_brand","embeddable":true,"href":"https:\/\/becreative.ee\/en\/wp-json\/wp\/v2\/product_brand?post=5897"},{"taxonomy":"product_cat","embeddable":true,"href":"https:\/\/becreative.ee\/en\/wp-json\/wp\/v2\/product_cat?post=5897"},{"taxonomy":"product_tag","embeddable":true,"href":"https:\/\/becreative.ee\/en\/wp-json\/wp\/v2\/product_tag?post=5897"}],"curies":[{"name":"wp","href":"https:\/\/api.w.org\/{rel}","templated":true}]}}