{"id":5900,"date":"2023-06-14T19:03:07","date_gmt":"2023-06-14T19:03:07","guid":{"rendered":"https:\/\/becreative.ee\/?post_type=product&#038;p=5900"},"modified":"2026-03-04T16:26:04","modified_gmt":"2026-03-04T16:26:04","slug":"taimne-tekstiilivarv-henna","status":"publish","type":"product","link":"https:\/\/becreative.ee\/en\/product\/taimne-tekstiilivarv-henna\/","title":{"rendered":"Taimne tekstiiliv\u00e4rv &#8211; Henna"},"content":{"rendered":"<p>Hennap\u00f5\u00f5sastelt saadud lehtedest valmistatud v\u00e4rviga saab v\u00e4rvida kollaseid, punaseid ja pruune toone. Lisades henna v\u00e4rvile sidrunhapet, saadakse s\u00fcgavam oran\u017eikaspunane toon. Pakend 100 g.<\/p>","protected":false},"excerpt":{"rendered":"<p>Hennap\u00f5\u00f5sastelt saadud lehtedest valmistatud v\u00e4rviga saab v\u00e4rvida kollaseid, punaseid ja pruune toone. Lisades henna v\u00e4rvile sidrunhapet, saadakse s\u00fcgavam oran\u017eikaspunane toon. Pakend 100 g.<\/p>","protected":false},"featured_media":5901,"template":"","meta":[],"product_brand":[],"product_cat":[1210,1256,1229,1230],"product_tag":[],"class_list":{"0":"post-5900","1":"product","2":"type-product","3":"status-publish","4":"has-post-thumbnail","6":"product_cat-de-witte-engel","7":"product_cat-taimsed-varvid","8":"product_cat-tekstiili-varvimine","9":"product_cat-tekstiilivarvid","11":"first","12":"instock","13":"taxable","14":"shipping-taxable","15":"purchasable","16":"product-type-simple"},"jetpack_sharing_enabled":true,"_links":{"self":[{"href":"https:\/\/becreative.ee\/en\/wp-json\/wp\/v2\/product\/5900","targetHints":{"allow":["GET"]}}],"collection":[{"href":"https:\/\/becreative.ee\/en\/wp-json\/wp\/v2\/product"}],"about":[{"href":"https:\/\/becreative.ee\/en\/wp-json\/wp\/v2\/types\/product"}],"version-history":[{"count":1,"href":"https:\/\/becreative.ee\/en\/wp-json\/wp\/v2\/product\/5900\/revisions"}],"predecessor-version":[{"id":5902,"href":"https:\/\/becreative.ee\/en\/wp-json\/wp\/v2\/product\/5900\/revisions\/5902"}],"wp:featuredmedia":[{"embeddable":true,"href":"https:\/\/becreative.ee\/en\/wp-json\/wp\/v2\/media\/5901"}],"wp:attachment":[{"href":"https:\/\/becreative.ee\/en\/wp-json\/wp\/v2\/media?parent=5900"}],"wp:term":[{"taxonomy":"product_brand","embeddable":true,"href":"https:\/\/becreative.ee\/en\/wp-json\/wp\/v2\/product_brand?post=5900"},{"taxonomy":"product_cat","embeddable":true,"href":"https:\/\/becreative.ee\/en\/wp-json\/wp\/v2\/product_cat?post=5900"},{"taxonomy":"product_tag","embeddable":true,"href":"https:\/\/becreative.ee\/en\/wp-json\/wp\/v2\/product_tag?post=5900"}],"curies":[{"name":"wp","href":"https:\/\/api.w.org\/{rel}","templated":true}]}}