{"id":5916,"date":"2023-06-16T19:17:54","date_gmt":"2023-06-16T19:17:54","guid":{"rendered":"https:\/\/becreative.ee\/?post_type=product&#038;p=5916"},"modified":"2025-12-10T18:57:20","modified_gmt":"2025-12-10T18:57:20","slug":"euroopa-meriinovill-50-g","status":"publish","type":"product","link":"https:\/\/becreative.ee\/en\/product\/euroopa-meriinovill-50-g\/","title":{"rendered":"Euroopa meriinovill 50 g"},"content":{"rendered":"<p>Suurep\u00e4rane Euroopa meriinovill (27 mic) on saadaval erinevates v\u00e4rvides ning segav\u00e4rvides. Vill sobib kuivviltimiseks, m\u00e4rgviltimiseks, ketramiseks ning kudumiseks. Vill on v\u00e4rvitud \u00d6ko-Tex 100 standardile vastavate v\u00e4rvidega. Pakendis on 5 x 10 g v\u00e4rvivalik.<\/p>\n<p>&nbsp;<\/p>\n<p>V\u00e4rvikaart:<\/p>\n<p>Valge\/Kollane: 634 Woolly White, 604 Custard, 602 Corn, 603 Mustard, 666 Sunshine<\/p>\n<p>Tumepunane\/Roosa: 609 Bordeaux, 615 Aubergine, 613 Lipstick, 654 Baby, 605 Rose<\/p>\n<p>Helepruun: 618 Fox, 697 Ochre, 648 Camel, 619 Powder, 620 Beige<\/p>\n<p>Sinine\/T\u00fcrkiis: 625 Navy, 624 Royal, 626 Sky, 627 Deep Turquoise, 657 Turquoise<\/p>\n<p>Hall\/Must: 637 Silver, 640 Titanium, 641 Space Grey, 665 Graphite, 633 Charcoal Black<\/p>\n<p>Roosa\/Lilla: 606 Blush, 614 Dusty, 658 Lilac, 667 Violet, 616 Grape<\/p>\n<p>Oran\u017e\/Punane: 638 Shell, 601 Clementine, 636 Brick, 611 Scarlet, 612 Carmine<\/p>\n<p>Roheline: 659 Pistache, 632 Moss, 628 Deep Forest, 630 Jade, 631 Dark Petrol<\/p>\n<p>Tumepruun: 623 Coffee, 610 Maroon, 621 Chestnut, 617 Mahogany, 608 Autumn<\/p>\n<p>T\u00fcrkiis\/Roheline: 669 Blue Lagoon, 698 Veronese, 699 Wedgwood Green, 639 Mint, 629 Spring<\/p>\n<p>V\u00e4rvisegu 12: 671 Silver Mix, 672 Grey Mix, 643 Dark Mix, 696 Beige Mix, 652 Earth Blend<\/p>\n<p>V\u00e4rvisegu 11: 649 Saphire Mix, 644 Indigo Mix, 647 Fir Mix, 650 Bronze Blend, 642 Coal Mix<\/p>","protected":false},"excerpt":{"rendered":"<p>Suurep\u00e4rane Euroopa meriinovill (27 mic) on saadaval erinevates v\u00e4rvides ning segav\u00e4rvides. Vill sobib kuivviltimiseks, m\u00e4rgviltimiseks, ketramiseks ning kudumiseks. Vill on v\u00e4rvitud \u00d6ko-Tex 100 standardile vastavate v\u00e4rvidega. Pakendis on 5 x 10 g v\u00e4rvivalik.<\/p>","protected":false},"featured_media":5912,"template":"","meta":[],"product_brand":[],"product_cat":[1084,1083],"product_tag":[],"class_list":{"0":"post-5916","1":"product","2":"type-product","3":"status-publish","4":"has-post-thumbnail","6":"product_cat-vill","7":"product_cat-viltimine","9":"first","10":"instock","11":"taxable","12":"shipping-taxable","13":"purchasable","14":"product-type-variable"},"jetpack_sharing_enabled":true,"_links":{"self":[{"href":"https:\/\/becreative.ee\/en\/wp-json\/wp\/v2\/product\/5916","targetHints":{"allow":["GET"]}}],"collection":[{"href":"https:\/\/becreative.ee\/en\/wp-json\/wp\/v2\/product"}],"about":[{"href":"https:\/\/becreative.ee\/en\/wp-json\/wp\/v2\/types\/product"}],"version-history":[{"count":2,"href":"https:\/\/becreative.ee\/en\/wp-json\/wp\/v2\/product\/5916\/revisions"}],"predecessor-version":[{"id":5930,"href":"https:\/\/becreative.ee\/en\/wp-json\/wp\/v2\/product\/5916\/revisions\/5930"}],"wp:featuredmedia":[{"embeddable":true,"href":"https:\/\/becreative.ee\/en\/wp-json\/wp\/v2\/media\/5912"}],"wp:attachment":[{"href":"https:\/\/becreative.ee\/en\/wp-json\/wp\/v2\/media?parent=5916"}],"wp:term":[{"taxonomy":"product_brand","embeddable":true,"href":"https:\/\/becreative.ee\/en\/wp-json\/wp\/v2\/product_brand?post=5916"},{"taxonomy":"product_cat","embeddable":true,"href":"https:\/\/becreative.ee\/en\/wp-json\/wp\/v2\/product_cat?post=5916"},{"taxonomy":"product_tag","embeddable":true,"href":"https:\/\/becreative.ee\/en\/wp-json\/wp\/v2\/product_tag?post=5916"}],"curies":[{"name":"wp","href":"https:\/\/api.w.org\/{rel}","templated":true}]}}