{"id":5931,"date":"2023-06-16T19:32:48","date_gmt":"2023-06-16T19:32:48","guid":{"rendered":"https:\/\/becreative.ee\/?post_type=product&#038;p=5931"},"modified":"2026-03-04T16:26:04","modified_gmt":"2026-03-04T16:26:04","slug":"taimne-tekstiilivarv-indigo","status":"publish","type":"product","link":"https:\/\/becreative.ee\/en\/product\/taimne-tekstiilivarv-indigo\/","title":{"rendered":"Taimne tekstiiliv\u00e4rv &#8211; Indigo"},"content":{"rendered":"<p>Tuhandeid aastaid on indigot kasutatud erinevate kiudude siniseks v\u00e4rvimiseks. V\u00e4rv saadakse v\u00e4rsketest indigolehtedest, mida kasvatatakse ja t\u00f6\u00f6deldakse vastavalt GOTS sertifikaadile. Pakend 25 g.<\/p>","protected":false},"excerpt":{"rendered":"<p>Tuhandeid aastaid on indigot kasutatud erinevate kiudude siniseks v\u00e4rvimiseks. V\u00e4rv saadakse v\u00e4rsketest indigolehtedest, mida kasvatatakse ja t\u00f6\u00f6deldakse vastavalt GOTS sertifikaadile. Pakend 25 g.<\/p>","protected":false},"featured_media":5932,"template":"","meta":[],"product_brand":[],"product_cat":[1210,1256,1230,1052],"product_tag":[],"class_list":{"0":"post-5931","1":"product","2":"type-product","3":"status-publish","4":"has-post-thumbnail","6":"product_cat-de-witte-engel","7":"product_cat-taimsed-varvid","8":"product_cat-tekstiilivarvid","9":"product_cat-varvid-2","11":"first","12":"instock","13":"taxable","14":"shipping-taxable","15":"purchasable","16":"product-type-simple"},"jetpack_sharing_enabled":true,"_links":{"self":[{"href":"https:\/\/becreative.ee\/en\/wp-json\/wp\/v2\/product\/5931","targetHints":{"allow":["GET"]}}],"collection":[{"href":"https:\/\/becreative.ee\/en\/wp-json\/wp\/v2\/product"}],"about":[{"href":"https:\/\/becreative.ee\/en\/wp-json\/wp\/v2\/types\/product"}],"version-history":[{"count":1,"href":"https:\/\/becreative.ee\/en\/wp-json\/wp\/v2\/product\/5931\/revisions"}],"predecessor-version":[{"id":5933,"href":"https:\/\/becreative.ee\/en\/wp-json\/wp\/v2\/product\/5931\/revisions\/5933"}],"wp:featuredmedia":[{"embeddable":true,"href":"https:\/\/becreative.ee\/en\/wp-json\/wp\/v2\/media\/5932"}],"wp:attachment":[{"href":"https:\/\/becreative.ee\/en\/wp-json\/wp\/v2\/media?parent=5931"}],"wp:term":[{"taxonomy":"product_brand","embeddable":true,"href":"https:\/\/becreative.ee\/en\/wp-json\/wp\/v2\/product_brand?post=5931"},{"taxonomy":"product_cat","embeddable":true,"href":"https:\/\/becreative.ee\/en\/wp-json\/wp\/v2\/product_cat?post=5931"},{"taxonomy":"product_tag","embeddable":true,"href":"https:\/\/becreative.ee\/en\/wp-json\/wp\/v2\/product_tag?post=5931"}],"curies":[{"name":"wp","href":"https:\/\/api.w.org\/{rel}","templated":true}]}}