{"id":5959,"date":"2023-06-22T16:17:30","date_gmt":"2023-06-22T16:17:30","guid":{"rendered":"https:\/\/becreative.ee\/?post_type=product&#038;p=5959"},"modified":"2026-01-14T13:04:58","modified_gmt":"2026-01-14T13:04:58","slug":"mohair-boucle-yarn","status":"publish","type":"product","link":"https:\/\/becreative.ee\/en\/product\/mohair-boucle-yarn\/","title":{"rendered":"Mohair Boucle Yarn"},"content":{"rendered":"<p>L\u00f5ng: 64% moh\u00e4\u00e4r, 27% vill, 9% pol\u00fcamiid (nailon)<\/p>\n<p>V\u00e4rv: erinevad v\u00e4rvid<\/p>\n<p>Varda suurus: 5 \u2013 6 mm<\/p>\n<p>Heegeln\u00f5ela suurus: 5 \u2013 6 mm<\/p>\n<p>Kaal: 50 g<\/p>\n<p>&nbsp;<\/p>\n<p>Pesujuhised:<\/p>\n<p><img decoding=\"async\" class=\"alignnone size-full wp-image-879\" src=\"https:\/\/becreative.ee\/wp-content\/uploads\/2020\/04\/k%C3%A4sitsipesu.png\" alt=\"\" width=\"50\" height=\"50\" \/><\/p>\n<p>&nbsp;<\/p>\n<p>V\u00e4ga hea kvaliteediga moh\u00e4\u00e4rl\u00f5ng nukujuuste valmistamiseks.<\/p>","protected":false},"excerpt":{"rendered":"<p>L\u00f5ng: 64% moh\u00e4\u00e4r, 27% vill, 9% pol\u00fcamiid (nailon)<\/p>\n<p>V\u00e4rv: erinevad v\u00e4rvid<\/p>\n<p>Varda suurus: 5 \u2013 6 mm<\/p>\n<p>Heegeln\u00f5ela suurus: 5 \u2013 6 mm<\/p>\n<p>Kaal: 50 g<\/p>","protected":false},"featured_media":5955,"template":"","meta":[],"product_brand":[],"product_cat":[263,1210,403,17,1211],"product_tag":[],"class_list":{"0":"post-5959","1":"product","2":"type-product","3":"status-publish","4":"has-post-thumbnail","6":"product_cat-brandid","7":"product_cat-de-witte-engel","8":"product_cat-juuksed","9":"product_cat-manguasjadevalmistamine","10":"product_cat-waldorfnuku-materjalid","12":"first","13":"instock","14":"taxable","15":"shipping-taxable","16":"purchasable","17":"product-type-variable"},"jetpack_sharing_enabled":true,"_links":{"self":[{"href":"https:\/\/becreative.ee\/en\/wp-json\/wp\/v2\/product\/5959","targetHints":{"allow":["GET"]}}],"collection":[{"href":"https:\/\/becreative.ee\/en\/wp-json\/wp\/v2\/product"}],"about":[{"href":"https:\/\/becreative.ee\/en\/wp-json\/wp\/v2\/types\/product"}],"version-history":[{"count":2,"href":"https:\/\/becreative.ee\/en\/wp-json\/wp\/v2\/product\/5959\/revisions"}],"predecessor-version":[{"id":5966,"href":"https:\/\/becreative.ee\/en\/wp-json\/wp\/v2\/product\/5959\/revisions\/5966"}],"wp:featuredmedia":[{"embeddable":true,"href":"https:\/\/becreative.ee\/en\/wp-json\/wp\/v2\/media\/5955"}],"wp:attachment":[{"href":"https:\/\/becreative.ee\/en\/wp-json\/wp\/v2\/media?parent=5959"}],"wp:term":[{"taxonomy":"product_brand","embeddable":true,"href":"https:\/\/becreative.ee\/en\/wp-json\/wp\/v2\/product_brand?post=5959"},{"taxonomy":"product_cat","embeddable":true,"href":"https:\/\/becreative.ee\/en\/wp-json\/wp\/v2\/product_cat?post=5959"},{"taxonomy":"product_tag","embeddable":true,"href":"https:\/\/becreative.ee\/en\/wp-json\/wp\/v2\/product_tag?post=5959"}],"curies":[{"name":"wp","href":"https:\/\/api.w.org\/{rel}","templated":true}]}}