{"id":5975,"date":"2023-07-03T17:54:59","date_gmt":"2023-07-03T17:54:59","guid":{"rendered":"https:\/\/becreative.ee\/?post_type=product&#038;p=5975"},"modified":"2023-09-21T08:59:13","modified_gmt":"2023-09-21T08:59:13","slug":"taimedega-varvimise-komplekt","status":"publish","type":"product","link":"https:\/\/becreative.ee\/en\/product\/taimedega-varvimise-komplekt\/","title":{"rendered":"Taimedega v\u00e4rvimise komplekt"},"content":{"rendered":"<p>Kui olete soovinud siseneda taimedega v\u00e4rvimise imelisse maailma aga ei ole osanud kusagilt alustada, siis see komplekt on just teile. Kolm erinevat taimset v\u00e4rvi, seitse erinevat looduslikku kiudu, k\u00f5ik kompaktselt \u00fchte karpi paigutatuna. Juhend inglise keeles.<\/p>","protected":false},"excerpt":{"rendered":"<p>Kui olete soovinud siseneda taimedega v\u00e4rvimise imelisse maailma aga ei ole osanud kusagilt alustada, siis see komplekt on just teile. Kolm erinevat taimset v\u00e4rvi, seitse erinevat looduslikku kiudu, k\u00f5ik kompaktselt \u00fchte karpi paigutatuna. Juhend inglise keeles.<\/p>","protected":false},"featured_media":5978,"template":"","meta":[],"product_brand":[],"product_cat":[1256,1230,1052],"product_tag":[],"class_list":{"0":"post-5975","1":"product","2":"type-product","3":"status-publish","4":"has-post-thumbnail","6":"product_cat-taimsed-varvid","7":"product_cat-tekstiilivarvid","8":"product_cat-varvid-2","10":"first","11":"instock","12":"taxable","13":"shipping-taxable","14":"purchasable","15":"product-type-simple"},"jetpack_sharing_enabled":true,"_links":{"self":[{"href":"https:\/\/becreative.ee\/en\/wp-json\/wp\/v2\/product\/5975","targetHints":{"allow":["GET"]}}],"collection":[{"href":"https:\/\/becreative.ee\/en\/wp-json\/wp\/v2\/product"}],"about":[{"href":"https:\/\/becreative.ee\/en\/wp-json\/wp\/v2\/types\/product"}],"version-history":[{"count":1,"href":"https:\/\/becreative.ee\/en\/wp-json\/wp\/v2\/product\/5975\/revisions"}],"predecessor-version":[{"id":5979,"href":"https:\/\/becreative.ee\/en\/wp-json\/wp\/v2\/product\/5975\/revisions\/5979"}],"wp:featuredmedia":[{"embeddable":true,"href":"https:\/\/becreative.ee\/en\/wp-json\/wp\/v2\/media\/5978"}],"wp:attachment":[{"href":"https:\/\/becreative.ee\/en\/wp-json\/wp\/v2\/media?parent=5975"}],"wp:term":[{"taxonomy":"product_brand","embeddable":true,"href":"https:\/\/becreative.ee\/en\/wp-json\/wp\/v2\/product_brand?post=5975"},{"taxonomy":"product_cat","embeddable":true,"href":"https:\/\/becreative.ee\/en\/wp-json\/wp\/v2\/product_cat?post=5975"},{"taxonomy":"product_tag","embeddable":true,"href":"https:\/\/becreative.ee\/en\/wp-json\/wp\/v2\/product_tag?post=5975"}],"curies":[{"name":"wp","href":"https:\/\/api.w.org\/{rel}","templated":true}]}}