{"id":5980,"date":"2023-07-05T17:51:29","date_gmt":"2023-07-05T17:51:29","guid":{"rendered":"https:\/\/becreative.ee\/?post_type=product&#038;p=5980"},"modified":"2023-09-21T08:58:52","modified_gmt":"2023-09-21T08:58:52","slug":"taimne-tekstiilivarv-tammeoun","status":"publish","type":"product","link":"https:\/\/becreative.ee\/en\/product\/taimne-tekstiilivarv-tammeoun\/","title":{"rendered":"Taimne tekstiiliv\u00e4rv &#8211; Tamme\u00f5un"},"content":{"rendered":"<p>Tamme\u00f5un on tammelehes pesitseva tamme-pahkvaablase tulemus. Tamme\u00f5un kasvab muna \u00fcmber ja kaitseb seda kuni koorumiseni. Seej\u00e4rel p\u00e4\u00e4seb vastne l\u00e4bi v\u00e4ikese augu, mis on tamme\u00f5unas ilusti n\u00e4htav. Tamme\u00f5unaga saab v\u00e4rvida halliks, pronksiks ning pruuniks. Kombineerides tamme\u00f5una raudsulfaadiga on tulemuseks sinakad toonid.<\/p>\n<p>&nbsp;<\/p>\n<p>\u00d5petus v\u00e4rvimiseks:<\/p>\n<ol>\n<li>Kaalu kangas;<\/li>\n<li>Kaalu tamme\u00f5un, v\u00f5iks olla 10% kanga kaalust;<\/li>\n<li>Leota tekstiili 1 tund vees;<\/li>\n<li>Uhmerda tamme\u00f5un peeneks pulbriks;<\/li>\n<li>Lisa pulbrile kuuma vett ja sega;<\/li>\n<li>Valmista ette v\u00e4rvimise anum: vesi + pulbriga segu;<\/li>\n<li>Pane kangas vette;<\/li>\n<li>Lase kangal \u00fcle\u00f6\u00f6 seista aeg-ajalt segades;<\/li>\n<li>V\u00f5ta kangas anumast ja loputa veega;<\/li>\n<li>Kuivata kangas.<\/li>\n<\/ol>\n<p>Kuuma t\u00f5mmise puhul sega pulbriga sega sooja veega ning kuumuta kangast n\u00f5us 1 tund.<\/p>","protected":false},"excerpt":{"rendered":"<p>Tamme\u00f5un on tammelehes pesitseva tamme-pahkvaablase tulemus. Tamme\u00f5un kasvab muna \u00fcmber ja kaitseb seda kuni koorumiseni. Seej\u00e4rel p\u00e4\u00e4seb vastne l\u00e4bi v\u00e4ikese augu, mis on tamme\u00f5unas ilusti n\u00e4htav. Tamme\u00f5unaga saab v\u00e4rvida halliks, pronksiks ning pruuniks. Kombineerides tamme\u00f5una raudsulfaadiga on tulemuseks sinakad toonid.<\/p>","protected":false},"featured_media":6017,"template":"","meta":[],"product_brand":[],"product_cat":[1256,1230,1052],"product_tag":[],"class_list":{"0":"post-5980","1":"product","2":"type-product","3":"status-publish","4":"has-post-thumbnail","6":"product_cat-taimsed-varvid","7":"product_cat-tekstiilivarvid","8":"product_cat-varvid-2","10":"first","11":"instock","12":"taxable","13":"shipping-taxable","14":"purchasable","15":"product-type-simple"},"jetpack_sharing_enabled":true,"_links":{"self":[{"href":"https:\/\/becreative.ee\/en\/wp-json\/wp\/v2\/product\/5980","targetHints":{"allow":["GET"]}}],"collection":[{"href":"https:\/\/becreative.ee\/en\/wp-json\/wp\/v2\/product"}],"about":[{"href":"https:\/\/becreative.ee\/en\/wp-json\/wp\/v2\/types\/product"}],"version-history":[{"count":2,"href":"https:\/\/becreative.ee\/en\/wp-json\/wp\/v2\/product\/5980\/revisions"}],"predecessor-version":[{"id":6018,"href":"https:\/\/becreative.ee\/en\/wp-json\/wp\/v2\/product\/5980\/revisions\/6018"}],"wp:featuredmedia":[{"embeddable":true,"href":"https:\/\/becreative.ee\/en\/wp-json\/wp\/v2\/media\/6017"}],"wp:attachment":[{"href":"https:\/\/becreative.ee\/en\/wp-json\/wp\/v2\/media?parent=5980"}],"wp:term":[{"taxonomy":"product_brand","embeddable":true,"href":"https:\/\/becreative.ee\/en\/wp-json\/wp\/v2\/product_brand?post=5980"},{"taxonomy":"product_cat","embeddable":true,"href":"https:\/\/becreative.ee\/en\/wp-json\/wp\/v2\/product_cat?post=5980"},{"taxonomy":"product_tag","embeddable":true,"href":"https:\/\/becreative.ee\/en\/wp-json\/wp\/v2\/product_tag?post=5980"}],"curies":[{"name":"wp","href":"https:\/\/api.w.org\/{rel}","templated":true}]}}