{"id":5990,"date":"2023-07-04T18:41:15","date_gmt":"2023-07-04T18:41:15","guid":{"rendered":"https:\/\/becreative.ee\/?post_type=product&#038;p=5990"},"modified":"2026-02-07T07:53:33","modified_gmt":"2026-02-07T07:53:33","slug":"glitteriga-turvasilmad-25-mm","status":"publish","type":"product","link":"https:\/\/becreative.ee\/en\/product\/glitteriga-turvasilmad-25-mm\/","title":{"rendered":"Glitteriga turvasilmad 25 mm"},"content":{"rendered":"<p>Toode on m\u00f5eldud kasutamiseks m\u00e4nguasjade valmistamisel. Komplekti kuulub kaks musta pupilli ja v\u00e4rvilise glitteri iirisega silma ning kaks kinnitust. Silmad on valmistatud plastikust. Suurus 25 mm. Ei sobi alla 3 aastastele lastele.<\/p>","protected":false},"excerpt":{"rendered":"<p>Toode on m\u00f5eldud kasutamiseks m\u00e4nguasjade valmistamisel. Komplekti kuulub kaks musta pupilli ja v\u00e4rvilise glitteri iirisega silma ning kaks kinnitust. Silmad on valmistatud plastikust. Suurus 25 mm. Ei sobi alla 3 aastastele lastele.<\/p>","protected":false},"featured_media":5989,"template":"","meta":[],"product_brand":[],"product_cat":[17,54],"product_tag":[],"class_list":{"0":"post-5990","1":"product","2":"type-product","3":"status-publish","4":"has-post-thumbnail","6":"product_cat-manguasjadevalmistamine","7":"product_cat-turvasilmad","9":"first","10":"instock","11":"taxable","12":"shipping-taxable","13":"purchasable","14":"product-type-variable"},"jetpack_sharing_enabled":true,"_links":{"self":[{"href":"https:\/\/becreative.ee\/en\/wp-json\/wp\/v2\/product\/5990","targetHints":{"allow":["GET"]}}],"collection":[{"href":"https:\/\/becreative.ee\/en\/wp-json\/wp\/v2\/product"}],"about":[{"href":"https:\/\/becreative.ee\/en\/wp-json\/wp\/v2\/types\/product"}],"version-history":[{"count":1,"href":"https:\/\/becreative.ee\/en\/wp-json\/wp\/v2\/product\/5990\/revisions"}],"predecessor-version":[{"id":5998,"href":"https:\/\/becreative.ee\/en\/wp-json\/wp\/v2\/product\/5990\/revisions\/5998"}],"wp:featuredmedia":[{"embeddable":true,"href":"https:\/\/becreative.ee\/en\/wp-json\/wp\/v2\/media\/5989"}],"wp:attachment":[{"href":"https:\/\/becreative.ee\/en\/wp-json\/wp\/v2\/media?parent=5990"}],"wp:term":[{"taxonomy":"product_brand","embeddable":true,"href":"https:\/\/becreative.ee\/en\/wp-json\/wp\/v2\/product_brand?post=5990"},{"taxonomy":"product_cat","embeddable":true,"href":"https:\/\/becreative.ee\/en\/wp-json\/wp\/v2\/product_cat?post=5990"},{"taxonomy":"product_tag","embeddable":true,"href":"https:\/\/becreative.ee\/en\/wp-json\/wp\/v2\/product_tag?post=5990"}],"curies":[{"name":"wp","href":"https:\/\/api.w.org\/{rel}","templated":true}]}}