{"id":6004,"date":"2023-07-05T17:17:16","date_gmt":"2023-07-05T17:17:16","guid":{"rendered":"https:\/\/becreative.ee\/?post_type=product&#038;p=6004"},"modified":"2026-04-22T11:27:03","modified_gmt":"2026-04-22T11:27:03","slug":"glitteriga-turvasilmad-20-mm","status":"publish","type":"product","link":"https:\/\/becreative.ee\/en\/product\/glitteriga-turvasilmad-20-mm\/","title":{"rendered":"Glitteriga turvasilmad 20 mm"},"content":{"rendered":"<p>Toode on m\u00f5eldud kasutamiseks m\u00e4nguasjade valmistamisel. Komplekti kuulub kaks musta pupilli ja v\u00e4rvilise glitteri iirisega silma ning kaks kinnitust. Silmad on valmistatud plastikust. Suurus 20 mm. Ei sobi alla 3 aastastele lastele.<\/p>","protected":false},"excerpt":{"rendered":"<p>Toode on m\u00f5eldud kasutamiseks m\u00e4nguasjade valmistamisel. Komplekti kuulub kaks musta pupilli ja v\u00e4rvilise glitteri iirisega silma ning kaks kinnitust. Silmad on valmistatud plastikust. Suurus 20 mm. Ei sobi alla 3 aastastele lastele.<\/p>","protected":false},"featured_media":6001,"template":"","meta":[],"product_brand":[],"product_cat":[17,54],"product_tag":[],"class_list":{"0":"post-6004","1":"product","2":"type-product","3":"status-publish","4":"has-post-thumbnail","6":"product_cat-manguasjadevalmistamine","7":"product_cat-turvasilmad","9":"first","10":"instock","11":"taxable","12":"shipping-taxable","13":"purchasable","14":"product-type-variable"},"jetpack_sharing_enabled":true,"_links":{"self":[{"href":"https:\/\/becreative.ee\/en\/wp-json\/wp\/v2\/product\/6004","targetHints":{"allow":["GET"]}}],"collection":[{"href":"https:\/\/becreative.ee\/en\/wp-json\/wp\/v2\/product"}],"about":[{"href":"https:\/\/becreative.ee\/en\/wp-json\/wp\/v2\/types\/product"}],"version-history":[{"count":1,"href":"https:\/\/becreative.ee\/en\/wp-json\/wp\/v2\/product\/6004\/revisions"}],"predecessor-version":[{"id":6016,"href":"https:\/\/becreative.ee\/en\/wp-json\/wp\/v2\/product\/6004\/revisions\/6016"}],"wp:featuredmedia":[{"embeddable":true,"href":"https:\/\/becreative.ee\/en\/wp-json\/wp\/v2\/media\/6001"}],"wp:attachment":[{"href":"https:\/\/becreative.ee\/en\/wp-json\/wp\/v2\/media?parent=6004"}],"wp:term":[{"taxonomy":"product_brand","embeddable":true,"href":"https:\/\/becreative.ee\/en\/wp-json\/wp\/v2\/product_brand?post=6004"},{"taxonomy":"product_cat","embeddable":true,"href":"https:\/\/becreative.ee\/en\/wp-json\/wp\/v2\/product_cat?post=6004"},{"taxonomy":"product_tag","embeddable":true,"href":"https:\/\/becreative.ee\/en\/wp-json\/wp\/v2\/product_tag?post=6004"}],"curies":[{"name":"wp","href":"https:\/\/api.w.org\/{rel}","templated":true}]}}