{"id":6046,"date":"2023-07-25T12:40:27","date_gmt":"2023-07-25T12:40:27","guid":{"rendered":"https:\/\/becreative.ee\/?post_type=product&#038;p=6046"},"modified":"2025-12-30T08:59:25","modified_gmt":"2025-12-30T08:59:25","slug":"metallist-rongas-20-cm","status":"publish","type":"product","link":"https:\/\/becreative.ee\/en\/product\/metallist-rongas-20-cm\/","title":{"rendered":"Metallist r\u00f5ngas 20 cm"},"content":{"rendered":"<p>Metallist r\u00f5ngast on v\u00f5imalik kasutada erinevates projektides. K\u00f5ige tihedamini kasutatakse neid unen\u00e4op\u00fc\u00fcdjate valmistamisel. Lisaks saab r\u00f5ngast kasutada beebi voodikaruselli osana v\u00f5i alusena makramee valmistamisel. Metallist (ei ole v\u00e4rvitud) r\u00f5nga diameeter on 20 cm.<\/p>","protected":false},"excerpt":{"rendered":"<p>Metallist r\u00f5ngast on v\u00f5imalik kasutada erinevates projektides. K\u00f5ige tihedamini kasutatakse neid unen\u00e4op\u00fc\u00fcdjate valmistamisel. Lisaks saab r\u00f5ngast kasutada beebi voodikaruselli osana v\u00f5i alusena makramee valmistamisel. Metallist (ei ole v\u00e4rvitud) r\u00f5nga diameeter on 20 cm.<\/p>","protected":false},"featured_media":6047,"template":"","meta":[],"product_brand":[],"product_cat":[279,912,340,914],"product_tag":[],"class_list":{"0":"post-6046","1":"product","2":"type-product","3":"status-publish","4":"has-post-thumbnail","6":"product_cat-kasitooks-vajalik","7":"product_cat-makramee","8":"product_cat-rongad","9":"product_cat-rongad-makramee","11":"first","12":"instock","13":"taxable","14":"shipping-taxable","15":"purchasable","16":"product-type-simple"},"jetpack_sharing_enabled":true,"_links":{"self":[{"href":"https:\/\/becreative.ee\/en\/wp-json\/wp\/v2\/product\/6046","targetHints":{"allow":["GET"]}}],"collection":[{"href":"https:\/\/becreative.ee\/en\/wp-json\/wp\/v2\/product"}],"about":[{"href":"https:\/\/becreative.ee\/en\/wp-json\/wp\/v2\/types\/product"}],"version-history":[{"count":1,"href":"https:\/\/becreative.ee\/en\/wp-json\/wp\/v2\/product\/6046\/revisions"}],"predecessor-version":[{"id":6048,"href":"https:\/\/becreative.ee\/en\/wp-json\/wp\/v2\/product\/6046\/revisions\/6048"}],"wp:featuredmedia":[{"embeddable":true,"href":"https:\/\/becreative.ee\/en\/wp-json\/wp\/v2\/media\/6047"}],"wp:attachment":[{"href":"https:\/\/becreative.ee\/en\/wp-json\/wp\/v2\/media?parent=6046"}],"wp:term":[{"taxonomy":"product_brand","embeddable":true,"href":"https:\/\/becreative.ee\/en\/wp-json\/wp\/v2\/product_brand?post=6046"},{"taxonomy":"product_cat","embeddable":true,"href":"https:\/\/becreative.ee\/en\/wp-json\/wp\/v2\/product_cat?post=6046"},{"taxonomy":"product_tag","embeddable":true,"href":"https:\/\/becreative.ee\/en\/wp-json\/wp\/v2\/product_tag?post=6046"}],"curies":[{"name":"wp","href":"https:\/\/api.w.org\/{rel}","templated":true}]}}