{"id":6076,"date":"2023-08-15T17:52:16","date_gmt":"2023-08-15T17:52:16","guid":{"rendered":"https:\/\/becreative.ee\/?post_type=product&#038;p=6076"},"modified":"2024-06-10T11:49:01","modified_gmt":"2024-06-10T11:49:01","slug":"puidust-parlid-25-mm","status":"publish","type":"product","link":"https:\/\/becreative.ee\/en\/product\/puidust-parlid-25-mm\/","title":{"rendered":"Puidust p\u00e4rlid 25 mm"},"content":{"rendered":"<p>Puidust p\u00e4rlid on valmistatud <em>Schima Superba<\/em> puust. P\u00e4rild on m\u00f5eldud erinevate k\u00e4sit\u00f6\u00f6projektide valmistamiseks. Sobivad v\u00e4ga h\u00e4sti laste m\u00e4nguasjade osana, sest omavad EN 71-3 sertifikaati (Euroopas m\u00e4nguasjade ohutusn\u00f5uete standard). P\u00e4rlid on suurusega 25 mm.<\/p>","protected":false},"excerpt":{"rendered":"<p>Puidust p\u00e4rlid on valmistatud <em>Schima Superba<\/em> puust. P\u00e4rild on m\u00f5eldud erinevate k\u00e4sit\u00f6\u00f6projektide valmistamiseks. Sobivad v\u00e4ga h\u00e4sti laste m\u00e4nguasjade osana, sest omavad EN 71-3 sertifikaati (Euroopas m\u00e4nguasjade ohutusn\u00f5uete standard). P\u00e4rlid on suurusega 25 mm.<\/p>","protected":false},"featured_media":1456,"template":"","meta":[],"product_brand":[],"product_cat":[263,265,912,17,58,915,995,205,991],"product_tag":[],"class_list":{"0":"post-6076","1":"product","2":"type-product","3":"status-publish","4":"has-post-thumbnail","6":"product_cat-brandid","7":"product_cat-go-handmade","8":"product_cat-makramee","9":"product_cat-manguasjadevalmistamine","10":"product_cat-parlid","11":"product_cat-parlid-makramee","12":"product_cat-parlid-too-puiduga","13":"product_cat-puidust-parlid","14":"product_cat-too-puiduga","16":"first","17":"instock","18":"taxable","19":"shipping-taxable","20":"purchasable","21":"product-type-simple"},"jetpack_sharing_enabled":true,"_links":{"self":[{"href":"https:\/\/becreative.ee\/en\/wp-json\/wp\/v2\/product\/6076","targetHints":{"allow":["GET"]}}],"collection":[{"href":"https:\/\/becreative.ee\/en\/wp-json\/wp\/v2\/product"}],"about":[{"href":"https:\/\/becreative.ee\/en\/wp-json\/wp\/v2\/types\/product"}],"version-history":[{"count":1,"href":"https:\/\/becreative.ee\/en\/wp-json\/wp\/v2\/product\/6076\/revisions"}],"predecessor-version":[{"id":6077,"href":"https:\/\/becreative.ee\/en\/wp-json\/wp\/v2\/product\/6076\/revisions\/6077"}],"wp:featuredmedia":[{"embeddable":true,"href":"https:\/\/becreative.ee\/en\/wp-json\/wp\/v2\/media\/1456"}],"wp:attachment":[{"href":"https:\/\/becreative.ee\/en\/wp-json\/wp\/v2\/media?parent=6076"}],"wp:term":[{"taxonomy":"product_brand","embeddable":true,"href":"https:\/\/becreative.ee\/en\/wp-json\/wp\/v2\/product_brand?post=6076"},{"taxonomy":"product_cat","embeddable":true,"href":"https:\/\/becreative.ee\/en\/wp-json\/wp\/v2\/product_cat?post=6076"},{"taxonomy":"product_tag","embeddable":true,"href":"https:\/\/becreative.ee\/en\/wp-json\/wp\/v2\/product_tag?post=6076"}],"curies":[{"name":"wp","href":"https:\/\/api.w.org\/{rel}","templated":true}]}}