{"id":6103,"date":"2023-09-20T13:29:57","date_gmt":"2023-09-20T13:29:57","guid":{"rendered":"https:\/\/becreative.ee\/?post_type=product&#038;p=6103"},"modified":"2023-09-20T13:30:31","modified_gmt":"2023-09-20T13:30:31","slug":"knitpro-longa-noelad","status":"publish","type":"product","link":"https:\/\/becreative.ee\/en\/product\/knitpro-longa-noelad\/","title":{"rendered":"KnitPro l\u00f5nga n\u00f5elad"},"content":{"rendered":"<p>KnitPro alumiiniumist n\u00f5elad sobivad ideaalselt k\u00f5ikide l\u00f5ngat\u00fc\u00fcpidega kootud ja heegeldatud esemete \u00f5mblemiseks. N\u00fcri ots ei vigasta \u00f5mblemise ajal t\u00f6\u00f6d. Komplekti kuulub kolm erineva pikkusega n\u00f5ela: 6 cm, 7 cm ja 8,5 cm.<\/p>","protected":false},"excerpt":{"rendered":"<p>KnitPro alumiiniumist n\u00f5elad sobivad ideaalselt k\u00f5ikide l\u00f5ngat\u00fc\u00fcpidega kootud ja heegeldatud esemete \u00f5mblemiseks. N\u00fcri ots ei vigasta \u00f5mblemise ajal t\u00f6\u00f6d. Komplekti kuulub kolm erineva pikkusega n\u00f5ela: 6 cm, 7 cm ja 8,5 cm.<\/p>","protected":false},"featured_media":6104,"template":"","meta":[],"product_brand":[],"product_cat":[263,783,279,321,782,786,787,790],"product_tag":[],"class_list":{"0":"post-6103","1":"product","2":"type-product","3":"status-publish","4":"has-post-thumbnail","6":"product_cat-brandid","7":"product_cat-heegeldamine","8":"product_cat-kasitooks-vajalik","9":"product_cat-knitpro","10":"product_cat-kudumine","11":"product_cat-noelad-materjalid","12":"product_cat-viimistlus","13":"product_cat-viimistlus-heegeldamine","15":"first","16":"instock","17":"taxable","18":"shipping-taxable","19":"purchasable","20":"product-type-simple"},"jetpack_sharing_enabled":true,"_links":{"self":[{"href":"https:\/\/becreative.ee\/en\/wp-json\/wp\/v2\/product\/6103","targetHints":{"allow":["GET"]}}],"collection":[{"href":"https:\/\/becreative.ee\/en\/wp-json\/wp\/v2\/product"}],"about":[{"href":"https:\/\/becreative.ee\/en\/wp-json\/wp\/v2\/types\/product"}],"version-history":[{"count":1,"href":"https:\/\/becreative.ee\/en\/wp-json\/wp\/v2\/product\/6103\/revisions"}],"predecessor-version":[{"id":6105,"href":"https:\/\/becreative.ee\/en\/wp-json\/wp\/v2\/product\/6103\/revisions\/6105"}],"wp:featuredmedia":[{"embeddable":true,"href":"https:\/\/becreative.ee\/en\/wp-json\/wp\/v2\/media\/6104"}],"wp:attachment":[{"href":"https:\/\/becreative.ee\/en\/wp-json\/wp\/v2\/media?parent=6103"}],"wp:term":[{"taxonomy":"product_brand","embeddable":true,"href":"https:\/\/becreative.ee\/en\/wp-json\/wp\/v2\/product_brand?post=6103"},{"taxonomy":"product_cat","embeddable":true,"href":"https:\/\/becreative.ee\/en\/wp-json\/wp\/v2\/product_cat?post=6103"},{"taxonomy":"product_tag","embeddable":true,"href":"https:\/\/becreative.ee\/en\/wp-json\/wp\/v2\/product_tag?post=6103"}],"curies":[{"name":"wp","href":"https:\/\/api.w.org\/{rel}","templated":true}]}}