{"id":6106,"date":"2023-09-20T13:33:13","date_gmt":"2023-09-20T13:33:13","guid":{"rendered":"https:\/\/becreative.ee\/?post_type=product&#038;p=6106"},"modified":"2023-09-20T13:33:13","modified_gmt":"2023-09-20T13:33:13","slug":"tulip-viltimisnoelad","status":"publish","type":"product","link":"https:\/\/becreative.ee\/en\/product\/tulip-viltimisnoelad\/","title":{"rendered":"Tulip viltimisn\u00f5elad"},"content":{"rendered":"<p>Tulip viltimisn\u00f5elad on valmistatud terasest ning kaetud nikliga. N\u00f5ela ots on spetsiaalselt m\u00f5eldud kuiva villa viltimiseks. Pakendis on kaks n\u00f5ela. M\u00f5lemat on v\u00f5imalik kasutada eraldi v\u00f5i viltimisn\u00f5ela k\u00e4epideme vahetusn\u00f5elana.<\/p>","protected":false},"excerpt":{"rendered":"<p>Tulip viltimisn\u00f5elad on valmistatud terasest ning kaetud nikliga. N\u00f5ela ots on spetsiaalselt m\u00f5eldud kuiva villa viltimiseks. Pakendis on kaks n\u00f5ela. M\u00f5lemat on v\u00f5imalik kasutada eraldi v\u00f5i viltimisn\u00f5ela k\u00e4epideme vahetusn\u00f5elana.<\/p>","protected":false},"featured_media":6107,"template":"","meta":[],"product_brand":[],"product_cat":[263,1280,921,1083],"product_tag":[],"class_list":{"0":"post-6106","1":"product","2":"type-product","3":"status-publish","4":"has-post-thumbnail","6":"product_cat-brandid","7":"product_cat-noelad-viltimine","8":"product_cat-tulip","9":"product_cat-viltimine","11":"first","12":"instock","13":"taxable","14":"shipping-taxable","15":"purchasable","16":"product-type-simple"},"jetpack_sharing_enabled":true,"_links":{"self":[{"href":"https:\/\/becreative.ee\/en\/wp-json\/wp\/v2\/product\/6106","targetHints":{"allow":["GET"]}}],"collection":[{"href":"https:\/\/becreative.ee\/en\/wp-json\/wp\/v2\/product"}],"about":[{"href":"https:\/\/becreative.ee\/en\/wp-json\/wp\/v2\/types\/product"}],"version-history":[{"count":1,"href":"https:\/\/becreative.ee\/en\/wp-json\/wp\/v2\/product\/6106\/revisions"}],"predecessor-version":[{"id":6108,"href":"https:\/\/becreative.ee\/en\/wp-json\/wp\/v2\/product\/6106\/revisions\/6108"}],"wp:featuredmedia":[{"embeddable":true,"href":"https:\/\/becreative.ee\/en\/wp-json\/wp\/v2\/media\/6107"}],"wp:attachment":[{"href":"https:\/\/becreative.ee\/en\/wp-json\/wp\/v2\/media?parent=6106"}],"wp:term":[{"taxonomy":"product_brand","embeddable":true,"href":"https:\/\/becreative.ee\/en\/wp-json\/wp\/v2\/product_brand?post=6106"},{"taxonomy":"product_cat","embeddable":true,"href":"https:\/\/becreative.ee\/en\/wp-json\/wp\/v2\/product_cat?post=6106"},{"taxonomy":"product_tag","embeddable":true,"href":"https:\/\/becreative.ee\/en\/wp-json\/wp\/v2\/product_tag?post=6106"}],"curies":[{"name":"wp","href":"https:\/\/api.w.org\/{rel}","templated":true}]}}