{"id":6109,"date":"2023-09-20T13:24:38","date_gmt":"2023-09-20T13:24:38","guid":{"rendered":"https:\/\/becreative.ee\/?post_type=product&#038;p=6109"},"modified":"2026-02-26T13:02:40","modified_gmt":"2026-02-26T13:02:40","slug":"gutermann-eriti-tugev-niit","status":"publish","type":"product","link":"https:\/\/becreative.ee\/en\/product\/gutermann-eriti-tugev-niit\/","title":{"rendered":"G\u00fctermann eriti tugev niit"},"content":{"rendered":"<p>Niit sobib vastupidavust vajavate \u00f5mbluste \u00f5mblemiseks. 100% pol\u00fcestrist valmistatud k\u00f5rge t\u00f5mbetugevusega niit on pestav kuni 95 kraadises vees ja seda v\u00f5ib trummelkuivatada. Soovitatav n\u00f5ela suurus on NM 90\/110. Poolil on 100 m niiti.<\/p>","protected":false},"excerpt":{"rendered":"<p>Niit sobib vastupidavust vajavate \u00f5mbluste \u00f5mblemiseks. 100% pol\u00fcestrist valmistatud k\u00f5rge t\u00f5mbetugevusega niit on pestav kuni 95 kraadises vees ja seda v\u00f5ib trummelkuivatada. Soovitatav n\u00f5ela suurus on NM 90\/110. Poolil on 100 m niiti.<\/p>","protected":false},"featured_media":6114,"template":"","meta":[],"product_brand":[],"product_cat":[263,1281,279,17,1282,1283,932,1211],"product_tag":[],"class_list":{"0":"post-6109","1":"product","2":"type-product","3":"status-publish","4":"has-post-thumbnail","6":"product_cat-brandid","7":"product_cat-gutermann","8":"product_cat-kasitooks-vajalik","9":"product_cat-manguasjadevalmistamine","10":"product_cat-niit","11":"product_cat-niit-omblemine","12":"product_cat-omblemine","13":"product_cat-waldorfnuku-materjalid","15":"first","16":"instock","17":"taxable","18":"shipping-taxable","19":"purchasable","20":"product-type-simple"},"jetpack_sharing_enabled":true,"_links":{"self":[{"href":"https:\/\/becreative.ee\/en\/wp-json\/wp\/v2\/product\/6109","targetHints":{"allow":["GET"]}}],"collection":[{"href":"https:\/\/becreative.ee\/en\/wp-json\/wp\/v2\/product"}],"about":[{"href":"https:\/\/becreative.ee\/en\/wp-json\/wp\/v2\/types\/product"}],"version-history":[{"count":1,"href":"https:\/\/becreative.ee\/en\/wp-json\/wp\/v2\/product\/6109\/revisions"}],"predecessor-version":[{"id":6115,"href":"https:\/\/becreative.ee\/en\/wp-json\/wp\/v2\/product\/6109\/revisions\/6115"}],"wp:featuredmedia":[{"embeddable":true,"href":"https:\/\/becreative.ee\/en\/wp-json\/wp\/v2\/media\/6114"}],"wp:attachment":[{"href":"https:\/\/becreative.ee\/en\/wp-json\/wp\/v2\/media?parent=6109"}],"wp:term":[{"taxonomy":"product_brand","embeddable":true,"href":"https:\/\/becreative.ee\/en\/wp-json\/wp\/v2\/product_brand?post=6109"},{"taxonomy":"product_cat","embeddable":true,"href":"https:\/\/becreative.ee\/en\/wp-json\/wp\/v2\/product_cat?post=6109"},{"taxonomy":"product_tag","embeddable":true,"href":"https:\/\/becreative.ee\/en\/wp-json\/wp\/v2\/product_tag?post=6109"}],"curies":[{"name":"wp","href":"https:\/\/api.w.org\/{rel}","templated":true}]}}