{"id":6116,"date":"2023-09-20T10:13:31","date_gmt":"2023-09-20T10:13:31","guid":{"rendered":"https:\/\/becreative.ee\/?post_type=product&#038;p=6116"},"modified":"2024-12-02T12:14:38","modified_gmt":"2024-12-02T12:14:38","slug":"gutermann-linane-niit","status":"publish","type":"product","link":"https:\/\/becreative.ee\/en\/product\/gutermann-linane-niit\/","title":{"rendered":"G\u00fctermann linane niit"},"content":{"rendered":"<p>Linane niit on k\u00e4sitsi valmistatud \u00f5mblusniit. Sobib eriti h\u00e4sti raskete, j\u00e4ikade ja kootud kangastele. 100% linasest materjalist niit on tugev, v\u00e4ga rebenemiskindel ja suure t\u00f5mbetugevusega. Niit on pestav kuni 30 kraadises vees. Poolil on 50 m niiti.<\/p>","protected":false},"excerpt":{"rendered":"<p>Linane niit on k\u00e4sitsi valmistatud \u00f5mblusniit. Sobib eriti h\u00e4sti raskete, j\u00e4ikade ja kootud kangastele. 100% linasest materjalist niit on tugev, v\u00e4ga rebenemiskindel ja suure t\u00f5mbetugevusega. Niit on pestav kuni 30 kraadises vees. Poolil on 50 m niiti.<\/p>","protected":false},"featured_media":6117,"template":"","meta":[],"product_brand":[],"product_cat":[263,1281,279,17,1283,1282,932,1211],"product_tag":[],"class_list":{"0":"post-6116","1":"product","2":"type-product","3":"status-publish","4":"has-post-thumbnail","6":"product_cat-brandid","7":"product_cat-gutermann","8":"product_cat-kasitooks-vajalik","9":"product_cat-manguasjadevalmistamine","10":"product_cat-niit-omblemine","11":"product_cat-niit","12":"product_cat-omblemine","13":"product_cat-waldorfnuku-materjalid","15":"first","16":"instock","17":"taxable","18":"shipping-taxable","19":"purchasable","20":"product-type-simple"},"jetpack_sharing_enabled":true,"_links":{"self":[{"href":"https:\/\/becreative.ee\/en\/wp-json\/wp\/v2\/product\/6116","targetHints":{"allow":["GET"]}}],"collection":[{"href":"https:\/\/becreative.ee\/en\/wp-json\/wp\/v2\/product"}],"about":[{"href":"https:\/\/becreative.ee\/en\/wp-json\/wp\/v2\/types\/product"}],"version-history":[{"count":1,"href":"https:\/\/becreative.ee\/en\/wp-json\/wp\/v2\/product\/6116\/revisions"}],"predecessor-version":[{"id":6118,"href":"https:\/\/becreative.ee\/en\/wp-json\/wp\/v2\/product\/6116\/revisions\/6118"}],"wp:featuredmedia":[{"embeddable":true,"href":"https:\/\/becreative.ee\/en\/wp-json\/wp\/v2\/media\/6117"}],"wp:attachment":[{"href":"https:\/\/becreative.ee\/en\/wp-json\/wp\/v2\/media?parent=6116"}],"wp:term":[{"taxonomy":"product_brand","embeddable":true,"href":"https:\/\/becreative.ee\/en\/wp-json\/wp\/v2\/product_brand?post=6116"},{"taxonomy":"product_cat","embeddable":true,"href":"https:\/\/becreative.ee\/en\/wp-json\/wp\/v2\/product_cat?post=6116"},{"taxonomy":"product_tag","embeddable":true,"href":"https:\/\/becreative.ee\/en\/wp-json\/wp\/v2\/product_tag?post=6116"}],"curies":[{"name":"wp","href":"https:\/\/api.w.org\/{rel}","templated":true}]}}