{"id":6119,"date":"2023-09-21T08:41:02","date_gmt":"2023-09-21T08:41:02","guid":{"rendered":"https:\/\/becreative.ee\/?post_type=product&#038;p=6119"},"modified":"2024-03-17T20:15:59","modified_gmt":"2024-03-17T20:15:59","slug":"dmc-tikkimisniit-stranded-cotton","status":"publish","type":"product","link":"https:\/\/becreative.ee\/en\/product\/dmc-tikkimisniit-stranded-cotton\/","title":{"rendered":"DMC tikkimisniit Stranded Cotton"},"content":{"rendered":"<p>DMC 100% merseriseeritud puuvillane niit sobib kasutamiseks traditsioonilistes tikandites ja ristpistes. Niidil on hiilgav l\u00e4ige ja sile pind, mis annab l\u00f5pptulemusele suurep\u00e4rase v\u00e4limuse. Stranded Cotton niit on eraldatav niit. Lisaks kasutatakse v\u00e4rvimisel v\u00e4rve, mis on pleekimiskindlad. Igas tokis on 8 m niiti. Valmistatud Prantsusmaal.<\/p>","protected":false},"excerpt":{"rendered":"<p>DMC 100% merseriseeritud puuvillane niit sobib kasutamiseks traditsioonilistes tikandites ja ristpistes. Niidil on hiilgav l\u00e4ige ja sile pind, mis annab l\u00f5pptulemusele suurep\u00e4rase v\u00e4limuse. Stranded Cotton niit on eraldatav niit. Lisaks kasutatakse v\u00e4rvimisel v\u00e4rve, mis on pleekimiskindlad. Igas tokis on 8 m niiti.<\/p>","protected":false},"featured_media":6167,"template":"","meta":[],"product_brand":[],"product_cat":[263,451,17,772,1284,1211],"product_tag":[],"class_list":{"0":"post-6119","1":"product","2":"type-product","3":"status-publish","4":"has-post-thumbnail","6":"product_cat-brandid","7":"product_cat-dmc","8":"product_cat-manguasjadevalmistamine","9":"product_cat-tikkimine","10":"product_cat-tikkimisniit","11":"product_cat-waldorfnuku-materjalid","13":"first","14":"instock","15":"taxable","16":"shipping-taxable","17":"purchasable","18":"product-type-variable"},"jetpack_sharing_enabled":true,"_links":{"self":[{"href":"https:\/\/becreative.ee\/en\/wp-json\/wp\/v2\/product\/6119","targetHints":{"allow":["GET"]}}],"collection":[{"href":"https:\/\/becreative.ee\/en\/wp-json\/wp\/v2\/product"}],"about":[{"href":"https:\/\/becreative.ee\/en\/wp-json\/wp\/v2\/types\/product"}],"version-history":[{"count":1,"href":"https:\/\/becreative.ee\/en\/wp-json\/wp\/v2\/product\/6119\/revisions"}],"predecessor-version":[{"id":6120,"href":"https:\/\/becreative.ee\/en\/wp-json\/wp\/v2\/product\/6119\/revisions\/6120"}],"wp:featuredmedia":[{"embeddable":true,"href":"https:\/\/becreative.ee\/en\/wp-json\/wp\/v2\/media\/6167"}],"wp:attachment":[{"href":"https:\/\/becreative.ee\/en\/wp-json\/wp\/v2\/media?parent=6119"}],"wp:term":[{"taxonomy":"product_brand","embeddable":true,"href":"https:\/\/becreative.ee\/en\/wp-json\/wp\/v2\/product_brand?post=6119"},{"taxonomy":"product_cat","embeddable":true,"href":"https:\/\/becreative.ee\/en\/wp-json\/wp\/v2\/product_cat?post=6119"},{"taxonomy":"product_tag","embeddable":true,"href":"https:\/\/becreative.ee\/en\/wp-json\/wp\/v2\/product_tag?post=6119"}],"curies":[{"name":"wp","href":"https:\/\/api.w.org\/{rel}","templated":true}]}}