{"id":6132,"date":"2023-09-21T05:24:15","date_gmt":"2023-09-21T05:24:15","guid":{"rendered":"https:\/\/becreative.ee\/?post_type=product&#038;p=6132"},"modified":"2024-01-24T18:11:23","modified_gmt":"2024-01-24T18:11:23","slug":"knitpro-ridade-loendur-kotiga","status":"publish","type":"product","link":"https:\/\/becreative.ee\/en\/product\/knitpro-ridade-loendur-kotiga\/","title":{"rendered":"Knitpro Ridade Loendur Kotiga"},"content":{"rendered":"<p>Ridade loenduriga on lihtne j\u00e4lgida oma heegeldus- v\u00f5i kudumisprojekti ridu v\u00f5i loendada silmuseid. Loenduriga on kaasas pisikene puuvillane kotike.<\/p>","protected":false},"excerpt":{"rendered":"<p>Ridade loenduriga on lihtne j\u00e4lgida oma heegeldus- v\u00f5i kudumisprojekti ridu v\u00f5i loendada silmuseid. Loenduriga on kaasas pisikene puuvillane kotike.<\/p>","protected":false},"featured_media":6133,"template":"","meta":[],"product_brand":[],"product_cat":[263,783,785,321,782,784],"product_tag":[],"class_list":{"0":"post-6132","1":"product","2":"type-product","3":"status-publish","4":"has-post-thumbnail","6":"product_cat-brandid","7":"product_cat-heegeldamine","8":"product_cat-heegeldamise-abivahendid","9":"product_cat-knitpro","10":"product_cat-kudumine","11":"product_cat-kudumise-abivahendid","13":"first","14":"instock","15":"taxable","16":"shipping-taxable","17":"purchasable","18":"product-type-simple"},"jetpack_sharing_enabled":true,"_links":{"self":[{"href":"https:\/\/becreative.ee\/en\/wp-json\/wp\/v2\/product\/6132","targetHints":{"allow":["GET"]}}],"collection":[{"href":"https:\/\/becreative.ee\/en\/wp-json\/wp\/v2\/product"}],"about":[{"href":"https:\/\/becreative.ee\/en\/wp-json\/wp\/v2\/types\/product"}],"version-history":[{"count":1,"href":"https:\/\/becreative.ee\/en\/wp-json\/wp\/v2\/product\/6132\/revisions"}],"predecessor-version":[{"id":6135,"href":"https:\/\/becreative.ee\/en\/wp-json\/wp\/v2\/product\/6132\/revisions\/6135"}],"wp:featuredmedia":[{"embeddable":true,"href":"https:\/\/becreative.ee\/en\/wp-json\/wp\/v2\/media\/6133"}],"wp:attachment":[{"href":"https:\/\/becreative.ee\/en\/wp-json\/wp\/v2\/media?parent=6132"}],"wp:term":[{"taxonomy":"product_brand","embeddable":true,"href":"https:\/\/becreative.ee\/en\/wp-json\/wp\/v2\/product_brand?post=6132"},{"taxonomy":"product_cat","embeddable":true,"href":"https:\/\/becreative.ee\/en\/wp-json\/wp\/v2\/product_cat?post=6132"},{"taxonomy":"product_tag","embeddable":true,"href":"https:\/\/becreative.ee\/en\/wp-json\/wp\/v2\/product_tag?post=6132"}],"curies":[{"name":"wp","href":"https:\/\/api.w.org\/{rel}","templated":true}]}}