{"id":6141,"date":"2023-09-21T05:41:24","date_gmt":"2023-09-21T05:41:24","guid":{"rendered":"https:\/\/becreative.ee\/?post_type=product&#038;p=6141"},"modified":"2023-09-21T05:42:22","modified_gmt":"2023-09-21T05:42:22","slug":"puidust-parlid-10-mm","status":"publish","type":"product","link":"https:\/\/becreative.ee\/en\/product\/puidust-parlid-10-mm\/","title":{"rendered":"Puidust p\u00e4rlid 10 mm"},"content":{"rendered":"<p>P\u00e4rild on m\u00f5eldud erinevate k\u00e4sit\u00f6\u00f6projektide valmistamiseks. N\u00e4iteks sobivad need suurep\u00e4raselt makramee kaunistuste osana v\u00f5i eraldi kaunistuste loomiseks.<\/p>","protected":false},"excerpt":{"rendered":"<p>P\u00e4rild on m\u00f5eldud erinevate k\u00e4sit\u00f6\u00f6projektide valmistamiseks. N\u00e4iteks sobivad need suurep\u00e4raselt makramee kaunistuste osana v\u00f5i eraldi kaunistuste loomiseks.<\/p>","protected":false},"featured_media":6142,"template":"","meta":[],"product_brand":[],"product_cat":[263,912,915,995,991],"product_tag":[],"class_list":{"0":"post-6141","1":"product","2":"type-product","3":"status-publish","4":"has-post-thumbnail","6":"product_cat-brandid","7":"product_cat-makramee","8":"product_cat-parlid-makramee","9":"product_cat-parlid-too-puiduga","10":"product_cat-too-puiduga","12":"first","13":"instock","14":"taxable","15":"shipping-taxable","16":"purchasable","17":"product-type-simple"},"jetpack_sharing_enabled":true,"_links":{"self":[{"href":"https:\/\/becreative.ee\/en\/wp-json\/wp\/v2\/product\/6141","targetHints":{"allow":["GET"]}}],"collection":[{"href":"https:\/\/becreative.ee\/en\/wp-json\/wp\/v2\/product"}],"about":[{"href":"https:\/\/becreative.ee\/en\/wp-json\/wp\/v2\/types\/product"}],"version-history":[{"count":1,"href":"https:\/\/becreative.ee\/en\/wp-json\/wp\/v2\/product\/6141\/revisions"}],"predecessor-version":[{"id":6143,"href":"https:\/\/becreative.ee\/en\/wp-json\/wp\/v2\/product\/6141\/revisions\/6143"}],"wp:featuredmedia":[{"embeddable":true,"href":"https:\/\/becreative.ee\/en\/wp-json\/wp\/v2\/media\/6142"}],"wp:attachment":[{"href":"https:\/\/becreative.ee\/en\/wp-json\/wp\/v2\/media?parent=6141"}],"wp:term":[{"taxonomy":"product_brand","embeddable":true,"href":"https:\/\/becreative.ee\/en\/wp-json\/wp\/v2\/product_brand?post=6141"},{"taxonomy":"product_cat","embeddable":true,"href":"https:\/\/becreative.ee\/en\/wp-json\/wp\/v2\/product_cat?post=6141"},{"taxonomy":"product_tag","embeddable":true,"href":"https:\/\/becreative.ee\/en\/wp-json\/wp\/v2\/product_tag?post=6141"}],"curies":[{"name":"wp","href":"https:\/\/api.w.org\/{rel}","templated":true}]}}