{"id":6144,"date":"2023-09-21T06:42:36","date_gmt":"2023-09-21T06:42:36","guid":{"rendered":"https:\/\/becreative.ee\/?post_type=product&#038;p=6144"},"modified":"2023-09-21T06:42:36","modified_gmt":"2023-09-21T06:42:36","slug":"knitpro-moodulint","status":"publish","type":"product","link":"https:\/\/becreative.ee\/en\/product\/knitpro-moodulint\/","title":{"rendered":"KnitPro m\u00f5\u00f5dulint"},"content":{"rendered":"<p>V\u00e4ga eksklusiivse puidust korpusega m\u00f5\u00f5dulindi pikkuseks on 150 cm. M\u00f5\u00f5dulindi osa on paindlik ning nupule vajutusega kerib ise ennast korpusesse tagasi. Kaasas puuvillane riidest kotike.<\/p>","protected":false},"excerpt":{"rendered":"<p>V\u00e4ga eksklusiivse puidust korpusega m\u00f5\u00f5dulindi pikkuseks on 150 cm. M\u00f5\u00f5dulindi osa on paindlik ning nupule vajutusega kerib ise ennast korpusesse tagasi. Kaasas puuvillane riidest kotike.<\/p>","protected":false},"featured_media":6145,"template":"","meta":[],"product_brand":[],"product_cat":[263,321,958,932],"product_tag":[],"class_list":{"0":"post-6144","1":"product","2":"type-product","3":"status-publish","4":"has-post-thumbnail","6":"product_cat-brandid","7":"product_cat-knitpro","8":"product_cat-mootevahendid","9":"product_cat-omblemine","11":"first","12":"instock","13":"taxable","14":"shipping-taxable","15":"purchasable","16":"product-type-simple"},"jetpack_sharing_enabled":true,"_links":{"self":[{"href":"https:\/\/becreative.ee\/en\/wp-json\/wp\/v2\/product\/6144","targetHints":{"allow":["GET"]}}],"collection":[{"href":"https:\/\/becreative.ee\/en\/wp-json\/wp\/v2\/product"}],"about":[{"href":"https:\/\/becreative.ee\/en\/wp-json\/wp\/v2\/types\/product"}],"version-history":[{"count":1,"href":"https:\/\/becreative.ee\/en\/wp-json\/wp\/v2\/product\/6144\/revisions"}],"predecessor-version":[{"id":6147,"href":"https:\/\/becreative.ee\/en\/wp-json\/wp\/v2\/product\/6144\/revisions\/6147"}],"wp:featuredmedia":[{"embeddable":true,"href":"https:\/\/becreative.ee\/en\/wp-json\/wp\/v2\/media\/6145"}],"wp:attachment":[{"href":"https:\/\/becreative.ee\/en\/wp-json\/wp\/v2\/media?parent=6144"}],"wp:term":[{"taxonomy":"product_brand","embeddable":true,"href":"https:\/\/becreative.ee\/en\/wp-json\/wp\/v2\/product_brand?post=6144"},{"taxonomy":"product_cat","embeddable":true,"href":"https:\/\/becreative.ee\/en\/wp-json\/wp\/v2\/product_cat?post=6144"},{"taxonomy":"product_tag","embeddable":true,"href":"https:\/\/becreative.ee\/en\/wp-json\/wp\/v2\/product_tag?post=6144"}],"curies":[{"name":"wp","href":"https:\/\/api.w.org\/{rel}","templated":true}]}}