{"id":6148,"date":"2023-09-21T06:45:37","date_gmt":"2023-09-21T06:45:37","guid":{"rendered":"https:\/\/becreative.ee\/?post_type=product&#038;p=6148"},"modified":"2025-07-04T04:22:27","modified_gmt":"2025-07-04T04:22:27","slug":"silikoonist-kuusnurksed-parlid-14-mm","status":"publish","type":"product","link":"https:\/\/becreative.ee\/en\/product\/silikoonist-kuusnurksed-parlid-14-mm\/","title":{"rendered":"Silikoonist kuusnurksed p\u00e4rlid 14 mm"},"content":{"rendered":"<p>Silikoonist p\u00e4rlid sobivad suurep\u00e4raselt beebidele n\u00e4rimiseks. Seep\u00e4rast on neid v\u00e4ga hea kasutada l\u00f5busate tarvikute valmistamisel. Kasutage neid k\u00e4ev\u00f5ru, kaelakee, v\u00f5tmehoidja, lutiketi v\u00f5i m\u00e4nguasja osana. P\u00e4rlid on 100% lastekindlast ja BPA-vabast silikoonist. P\u00e4rlite suurus 14 mm.<\/p>","protected":false},"excerpt":{"rendered":"<p>Silikoonist p\u00e4rlid sobivad suurep\u00e4raselt beebidele n\u00e4rimiseks. Seep\u00e4rast on neid v\u00e4ga hea kasutada l\u00f5busate tarvikute valmistamisel. Kasutage neid k\u00e4ev\u00f5ru, kaelakee, v\u00f5tmehoidja, lutiketi v\u00f5i m\u00e4nguasja osana. P\u00e4rlid on 100% lastekindlast ja BPA-vabast silikoonist. P\u00e4rlite suurus 14 mm.<\/p>","protected":false},"featured_media":6162,"template":"","meta":[],"product_brand":[],"product_cat":[263,17,271,58,204],"product_tag":[],"class_list":{"0":"post-6148","1":"product","2":"type-product","3":"status-publish","4":"has-post-thumbnail","6":"product_cat-brandid","7":"product_cat-manguasjadevalmistamine","8":"product_cat-opry","9":"product_cat-parlid","10":"product_cat-silikoonist-parlid","12":"first","13":"instock","14":"taxable","15":"shipping-taxable","16":"purchasable","17":"product-type-variable"},"jetpack_sharing_enabled":true,"_links":{"self":[{"href":"https:\/\/becreative.ee\/en\/wp-json\/wp\/v2\/product\/6148","targetHints":{"allow":["GET"]}}],"collection":[{"href":"https:\/\/becreative.ee\/en\/wp-json\/wp\/v2\/product"}],"about":[{"href":"https:\/\/becreative.ee\/en\/wp-json\/wp\/v2\/types\/product"}],"version-history":[{"count":1,"href":"https:\/\/becreative.ee\/en\/wp-json\/wp\/v2\/product\/6148\/revisions"}],"predecessor-version":[{"id":6161,"href":"https:\/\/becreative.ee\/en\/wp-json\/wp\/v2\/product\/6148\/revisions\/6161"}],"wp:featuredmedia":[{"embeddable":true,"href":"https:\/\/becreative.ee\/en\/wp-json\/wp\/v2\/media\/6162"}],"wp:attachment":[{"href":"https:\/\/becreative.ee\/en\/wp-json\/wp\/v2\/media?parent=6148"}],"wp:term":[{"taxonomy":"product_brand","embeddable":true,"href":"https:\/\/becreative.ee\/en\/wp-json\/wp\/v2\/product_brand?post=6148"},{"taxonomy":"product_cat","embeddable":true,"href":"https:\/\/becreative.ee\/en\/wp-json\/wp\/v2\/product_cat?post=6148"},{"taxonomy":"product_tag","embeddable":true,"href":"https:\/\/becreative.ee\/en\/wp-json\/wp\/v2\/product_tag?post=6148"}],"curies":[{"name":"wp","href":"https:\/\/api.w.org\/{rel}","templated":true}]}}