{"id":6176,"date":"2023-09-21T09:44:41","date_gmt":"2023-09-21T09:44:41","guid":{"rendered":"https:\/\/becreative.ee\/?post_type=product&#038;p=6176"},"modified":"2025-10-27T08:31:33","modified_gmt":"2025-10-27T08:31:33","slug":"taimne-tekstiilivarv-krapp","status":"publish","type":"product","link":"https:\/\/becreative.ee\/en\/product\/taimne-tekstiilivarv-krapp\/","title":{"rendered":"Taimne tekstiiliv\u00e4rv &#8211; Krapp"},"content":{"rendered":"<p>Krapp ehk punav\u00e4rvik on \u00fcks vanematest ja tuntumatest taimedest (kasutatakse taime juurt), millega v\u00e4rvitakse villa, puuvilla ja siidi. Taime juuri kasutasid juba iidsetel aegadel egiptlased, indiaanlased ja p\u00e4rslased. Tulemuseks on punakasoran\u017eid toonid. K\u00f5rgemal temperatuuril v\u00e4rvub v\u00e4rv pruuniks. Intensiivsemate toonide saamiseks tuleks juurt leotada v\u00e4hemalt 4 &#8211; 5 p\u00e4eva. Pakend 100 g.<\/p>","protected":false},"excerpt":{"rendered":"<p>Krapp ehk punav\u00e4rvik on \u00fcks vanematest ja tuntumatest taimedest (kasutatakse taime juurt), millega v\u00e4rvitakse villa, puuvilla ja siidi. Taime juuri kasutasid juba iidsetel aegadel egiptlased, indiaanlased ja p\u00e4rslased. Tulemuseks on punakasoran\u017eid toonid. K\u00f5rgemal temperatuuril v\u00e4rvub v\u00e4rv pruuniks. Intensiivsemate toonide saamiseks tuleks juurt leotada v\u00e4hemalt 4 &#8211; 5 p\u00e4eva. Pakend 100 g.<\/p>","protected":false},"featured_media":6177,"template":"","meta":[],"product_brand":[],"product_cat":[263,1210,1256,1230,1052],"product_tag":[],"class_list":{"0":"post-6176","1":"product","2":"type-product","3":"status-publish","4":"has-post-thumbnail","6":"product_cat-brandid","7":"product_cat-de-witte-engel","8":"product_cat-taimsed-varvid","9":"product_cat-tekstiilivarvid","10":"product_cat-varvid-2","12":"first","13":"instock","14":"taxable","15":"shipping-taxable","16":"purchasable","17":"product-type-simple"},"jetpack_sharing_enabled":true,"_links":{"self":[{"href":"https:\/\/becreative.ee\/en\/wp-json\/wp\/v2\/product\/6176","targetHints":{"allow":["GET"]}}],"collection":[{"href":"https:\/\/becreative.ee\/en\/wp-json\/wp\/v2\/product"}],"about":[{"href":"https:\/\/becreative.ee\/en\/wp-json\/wp\/v2\/types\/product"}],"version-history":[{"count":1,"href":"https:\/\/becreative.ee\/en\/wp-json\/wp\/v2\/product\/6176\/revisions"}],"predecessor-version":[{"id":6178,"href":"https:\/\/becreative.ee\/en\/wp-json\/wp\/v2\/product\/6176\/revisions\/6178"}],"wp:featuredmedia":[{"embeddable":true,"href":"https:\/\/becreative.ee\/en\/wp-json\/wp\/v2\/media\/6177"}],"wp:attachment":[{"href":"https:\/\/becreative.ee\/en\/wp-json\/wp\/v2\/media?parent=6176"}],"wp:term":[{"taxonomy":"product_brand","embeddable":true,"href":"https:\/\/becreative.ee\/en\/wp-json\/wp\/v2\/product_brand?post=6176"},{"taxonomy":"product_cat","embeddable":true,"href":"https:\/\/becreative.ee\/en\/wp-json\/wp\/v2\/product_cat?post=6176"},{"taxonomy":"product_tag","embeddable":true,"href":"https:\/\/becreative.ee\/en\/wp-json\/wp\/v2\/product_tag?post=6176"}],"curies":[{"name":"wp","href":"https:\/\/api.w.org\/{rel}","templated":true}]}}