{"id":6180,"date":"2023-09-22T09:59:54","date_gmt":"2023-09-22T09:59:54","guid":{"rendered":"https:\/\/becreative.ee\/?post_type=product&#038;p=6180"},"modified":"2023-09-22T09:59:55","modified_gmt":"2023-09-22T09:59:55","slug":"taimne-tekstiilivarv-annaato","status":"publish","type":"product","link":"https:\/\/becreative.ee\/en\/product\/taimne-tekstiilivarv-annaato\/","title":{"rendered":"Taimne tekstiiliv\u00e4rv &#8211; Annaato"},"content":{"rendered":"<p>Annaato on oran\u017epunane maitseaine ja v\u00e4rvaine, mida saadakse v\u00e4rvibiksa seemnekestadest. Puu on p\u00e4rit Mehhikost, Kesk- ja L\u00f5una-Ameerikast. Pakend 100 g.<\/p>","protected":false},"excerpt":{"rendered":"<p>Annaato on oran\u017epunane maitseaine ja v\u00e4rvaine, mida saadakse v\u00e4rvibiksa seemnekestadest. Puu on p\u00e4rit Mehhikost, Kesk- ja L\u00f5una-Ameerikast. Pakend 100 g.<\/p>","protected":false},"featured_media":6181,"template":"","meta":[],"product_brand":[],"product_cat":[263,1210,1256,1230,1052],"product_tag":[],"class_list":{"0":"post-6180","1":"product","2":"type-product","3":"status-publish","4":"has-post-thumbnail","6":"product_cat-brandid","7":"product_cat-de-witte-engel","8":"product_cat-taimsed-varvid","9":"product_cat-tekstiilivarvid","10":"product_cat-varvid-2","12":"first","13":"instock","14":"taxable","15":"shipping-taxable","16":"purchasable","17":"product-type-simple"},"jetpack_sharing_enabled":true,"_links":{"self":[{"href":"https:\/\/becreative.ee\/en\/wp-json\/wp\/v2\/product\/6180","targetHints":{"allow":["GET"]}}],"collection":[{"href":"https:\/\/becreative.ee\/en\/wp-json\/wp\/v2\/product"}],"about":[{"href":"https:\/\/becreative.ee\/en\/wp-json\/wp\/v2\/types\/product"}],"version-history":[{"count":1,"href":"https:\/\/becreative.ee\/en\/wp-json\/wp\/v2\/product\/6180\/revisions"}],"predecessor-version":[{"id":6182,"href":"https:\/\/becreative.ee\/en\/wp-json\/wp\/v2\/product\/6180\/revisions\/6182"}],"wp:featuredmedia":[{"embeddable":true,"href":"https:\/\/becreative.ee\/en\/wp-json\/wp\/v2\/media\/6181"}],"wp:attachment":[{"href":"https:\/\/becreative.ee\/en\/wp-json\/wp\/v2\/media?parent=6180"}],"wp:term":[{"taxonomy":"product_brand","embeddable":true,"href":"https:\/\/becreative.ee\/en\/wp-json\/wp\/v2\/product_brand?post=6180"},{"taxonomy":"product_cat","embeddable":true,"href":"https:\/\/becreative.ee\/en\/wp-json\/wp\/v2\/product_cat?post=6180"},{"taxonomy":"product_tag","embeddable":true,"href":"https:\/\/becreative.ee\/en\/wp-json\/wp\/v2\/product_tag?post=6180"}],"curies":[{"name":"wp","href":"https:\/\/api.w.org\/{rel}","templated":true}]}}