{"id":6216,"date":"2023-10-27T16:31:00","date_gmt":"2023-10-27T16:31:00","guid":{"rendered":"https:\/\/becreative.ee\/?post_type=product&#038;p=6216"},"modified":"2024-07-08T11:39:34","modified_gmt":"2024-07-08T11:39:34","slug":"metallist-valge-rongas-15-cm-graine-creative","status":"publish","type":"product","link":"https:\/\/becreative.ee\/en\/product\/metallist-valge-rongas-15-cm-graine-creative\/","title":{"rendered":"Metallist valge r\u00f5ngas 15 cm Graine Creative"},"content":{"rendered":"<p>Metallist r\u00f5ngast on v\u00f5imalik kasutada erinevates projektides. K\u00f5ige tihedamini kasutatakse neid unen\u00e4op\u00fc\u00fcdjate valmistamisel. Lisaks saab r\u00f5ngast kasutada beebi voodikaruselli osana v\u00f5i alusena makramee valmistamisel. Valge r\u00f5nga diameeter on 15 cm.<\/p>","protected":false},"excerpt":{"rendered":"<p>Metallist r\u00f5ngast on v\u00f5imalik kasutada erinevates projektides. K\u00f5ige tihedamini kasutatakse neid unen\u00e4op\u00fc\u00fcdjate valmistamisel. Lisaks saab r\u00f5ngast kasutada beebi voodikaruselli osana v\u00f5i alusena makramee valmistamisel. Valge r\u00f5nga diameeter on 15 cm.<\/p>","protected":false},"featured_media":1903,"template":"","meta":[],"product_brand":[],"product_cat":[263,989,279,912,340,914],"product_tag":[],"class_list":{"0":"post-6216","1":"product","2":"type-product","3":"status-publish","4":"has-post-thumbnail","6":"product_cat-brandid","7":"product_cat-graine-creative","8":"product_cat-kasitooks-vajalik","9":"product_cat-makramee","10":"product_cat-rongad","11":"product_cat-rongad-makramee","13":"first","14":"instock","15":"taxable","16":"shipping-taxable","17":"purchasable","18":"product-type-simple"},"jetpack_sharing_enabled":true,"_links":{"self":[{"href":"https:\/\/becreative.ee\/en\/wp-json\/wp\/v2\/product\/6216","targetHints":{"allow":["GET"]}}],"collection":[{"href":"https:\/\/becreative.ee\/en\/wp-json\/wp\/v2\/product"}],"about":[{"href":"https:\/\/becreative.ee\/en\/wp-json\/wp\/v2\/types\/product"}],"version-history":[{"count":1,"href":"https:\/\/becreative.ee\/en\/wp-json\/wp\/v2\/product\/6216\/revisions"}],"predecessor-version":[{"id":6217,"href":"https:\/\/becreative.ee\/en\/wp-json\/wp\/v2\/product\/6216\/revisions\/6217"}],"wp:featuredmedia":[{"embeddable":true,"href":"https:\/\/becreative.ee\/en\/wp-json\/wp\/v2\/media\/1903"}],"wp:attachment":[{"href":"https:\/\/becreative.ee\/en\/wp-json\/wp\/v2\/media?parent=6216"}],"wp:term":[{"taxonomy":"product_brand","embeddable":true,"href":"https:\/\/becreative.ee\/en\/wp-json\/wp\/v2\/product_brand?post=6216"},{"taxonomy":"product_cat","embeddable":true,"href":"https:\/\/becreative.ee\/en\/wp-json\/wp\/v2\/product_cat?post=6216"},{"taxonomy":"product_tag","embeddable":true,"href":"https:\/\/becreative.ee\/en\/wp-json\/wp\/v2\/product_tag?post=6216"}],"curies":[{"name":"wp","href":"https:\/\/api.w.org\/{rel}","templated":true}]}}