{"id":6226,"date":"2023-10-27T16:47:00","date_gmt":"2023-10-27T16:47:00","guid":{"rendered":"https:\/\/becreative.ee\/?post_type=product&#038;p=6226"},"modified":"2023-11-24T16:38:44","modified_gmt":"2023-11-24T16:38:44","slug":"puidust-rongas-55-mm-graine-creative","status":"publish","type":"product","link":"https:\/\/becreative.ee\/en\/product\/puidust-rongas-55-mm-graine-creative\/","title":{"rendered":"Puidust r\u00f5ngas 55 mm Graine Creative"},"content":{"rendered":"<p>Puidust r\u00f5ngad sobivad erinevate k\u00e4sit\u00f6\u00f6projektide valmistamiseks. Tihti kasutatakse neid makramees, erinevate projektide osana. Pakendis on 4 puidust r\u00f5ngast diameetriga 55 mm.<\/p>","protected":false},"excerpt":{"rendered":"<p>Puidust r\u00f5ngad sobivad erinevate k\u00e4sit\u00f6\u00f6projektide valmistamiseks. Tihti kasutatakse neid makramees, erinevate projektide osana. Pakendis on 4 puidust r\u00f5ngast diameetriga 55 mm.<\/p>","protected":false},"featured_media":6227,"template":"","meta":[],"product_brand":[],"product_cat":[263,989,279,912,340,1273,914,991],"product_tag":[],"class_list":{"0":"post-6226","1":"product","2":"type-product","3":"status-publish","4":"has-post-thumbnail","6":"product_cat-brandid","7":"product_cat-graine-creative","8":"product_cat-kasitooks-vajalik","9":"product_cat-makramee","10":"product_cat-rongad","11":"product_cat-rongad-too-puiduga","12":"product_cat-rongad-makramee","13":"product_cat-too-puiduga","15":"first","16":"instock","17":"taxable","18":"shipping-taxable","19":"purchasable","20":"product-type-simple"},"jetpack_sharing_enabled":true,"_links":{"self":[{"href":"https:\/\/becreative.ee\/en\/wp-json\/wp\/v2\/product\/6226","targetHints":{"allow":["GET"]}}],"collection":[{"href":"https:\/\/becreative.ee\/en\/wp-json\/wp\/v2\/product"}],"about":[{"href":"https:\/\/becreative.ee\/en\/wp-json\/wp\/v2\/types\/product"}],"version-history":[{"count":1,"href":"https:\/\/becreative.ee\/en\/wp-json\/wp\/v2\/product\/6226\/revisions"}],"predecessor-version":[{"id":6228,"href":"https:\/\/becreative.ee\/en\/wp-json\/wp\/v2\/product\/6226\/revisions\/6228"}],"wp:featuredmedia":[{"embeddable":true,"href":"https:\/\/becreative.ee\/en\/wp-json\/wp\/v2\/media\/6227"}],"wp:attachment":[{"href":"https:\/\/becreative.ee\/en\/wp-json\/wp\/v2\/media?parent=6226"}],"wp:term":[{"taxonomy":"product_brand","embeddable":true,"href":"https:\/\/becreative.ee\/en\/wp-json\/wp\/v2\/product_brand?post=6226"},{"taxonomy":"product_cat","embeddable":true,"href":"https:\/\/becreative.ee\/en\/wp-json\/wp\/v2\/product_cat?post=6226"},{"taxonomy":"product_tag","embeddable":true,"href":"https:\/\/becreative.ee\/en\/wp-json\/wp\/v2\/product_tag?post=6226"}],"curies":[{"name":"wp","href":"https:\/\/api.w.org\/{rel}","templated":true}]}}