{"id":6233,"date":"2023-10-27T16:59:54","date_gmt":"2023-10-27T16:59:54","guid":{"rendered":"https:\/\/becreative.ee\/?post_type=product&#038;p=6233"},"modified":"2023-11-20T18:06:20","modified_gmt":"2023-11-20T18:06:20","slug":"puidust-parlid-30-mm","status":"publish","type":"product","link":"https:\/\/becreative.ee\/en\/product\/puidust-parlid-30-mm\/","title":{"rendered":"Puidust p\u00e4rlid 30 mm"},"content":{"rendered":"<p>P\u00e4rild on m\u00f5eldud erinevate k\u00e4sit\u00f6\u00f6projektide valmistamiseks. N\u00e4iteks sobivad need suurep\u00e4raselt makramee kaunistuste osana v\u00f5i eraldi kaunistuste loomiseks. Pakis on 4 puidust p\u00e4rlit.<\/p>","protected":false},"excerpt":{"rendered":"<p>P\u00e4rild on m\u00f5eldud erinevate k\u00e4sit\u00f6\u00f6projektide valmistamiseks. N\u00e4iteks sobivad need suurep\u00e4raselt makramee kaunistuste osana v\u00f5i eraldi kaunistuste loomiseks. Pakis on 4 puidust p\u00e4rlit.<\/p>","protected":false},"featured_media":6234,"template":"","meta":[],"product_brand":[],"product_cat":[263,989,912,995,915,991],"product_tag":[],"class_list":{"0":"post-6233","1":"product","2":"type-product","3":"status-publish","4":"has-post-thumbnail","6":"product_cat-brandid","7":"product_cat-graine-creative","8":"product_cat-makramee","9":"product_cat-parlid-too-puiduga","10":"product_cat-parlid-makramee","11":"product_cat-too-puiduga","13":"first","14":"instock","15":"taxable","16":"shipping-taxable","17":"purchasable","18":"product-type-simple"},"jetpack_sharing_enabled":true,"_links":{"self":[{"href":"https:\/\/becreative.ee\/en\/wp-json\/wp\/v2\/product\/6233","targetHints":{"allow":["GET"]}}],"collection":[{"href":"https:\/\/becreative.ee\/en\/wp-json\/wp\/v2\/product"}],"about":[{"href":"https:\/\/becreative.ee\/en\/wp-json\/wp\/v2\/types\/product"}],"version-history":[{"count":1,"href":"https:\/\/becreative.ee\/en\/wp-json\/wp\/v2\/product\/6233\/revisions"}],"predecessor-version":[{"id":6235,"href":"https:\/\/becreative.ee\/en\/wp-json\/wp\/v2\/product\/6233\/revisions\/6235"}],"wp:featuredmedia":[{"embeddable":true,"href":"https:\/\/becreative.ee\/en\/wp-json\/wp\/v2\/media\/6234"}],"wp:attachment":[{"href":"https:\/\/becreative.ee\/en\/wp-json\/wp\/v2\/media?parent=6233"}],"wp:term":[{"taxonomy":"product_brand","embeddable":true,"href":"https:\/\/becreative.ee\/en\/wp-json\/wp\/v2\/product_brand?post=6233"},{"taxonomy":"product_cat","embeddable":true,"href":"https:\/\/becreative.ee\/en\/wp-json\/wp\/v2\/product_cat?post=6233"},{"taxonomy":"product_tag","embeddable":true,"href":"https:\/\/becreative.ee\/en\/wp-json\/wp\/v2\/product_tag?post=6233"}],"curies":[{"name":"wp","href":"https:\/\/api.w.org\/{rel}","templated":true}]}}