{"id":6236,"date":"2023-10-27T17:03:48","date_gmt":"2023-10-27T17:03:48","guid":{"rendered":"https:\/\/becreative.ee\/?post_type=product&#038;p=6236"},"modified":"2023-10-27T17:05:36","modified_gmt":"2023-10-27T17:05:36","slug":"puidust-parlid-40-mm","status":"publish","type":"product","link":"https:\/\/becreative.ee\/en\/product\/puidust-parlid-40-mm\/","title":{"rendered":"Puidust p\u00e4rlid 40 mm"},"content":{"rendered":"<p>P\u00e4rild on m\u00f5eldud erinevate k\u00e4sit\u00f6\u00f6projektide valmistamiseks. N\u00e4iteks sobivad need suurep\u00e4raselt makramee kaunistuste osana v\u00f5i eraldi kaunistuste loomiseks. Pakis on 2 puidust p\u00e4rlit.<\/p>","protected":false},"excerpt":{"rendered":"<p>P\u00e4rild on m\u00f5eldud erinevate k\u00e4sit\u00f6\u00f6projektide valmistamiseks. N\u00e4iteks sobivad need suurep\u00e4raselt makramee kaunistuste osana v\u00f5i eraldi kaunistuste loomiseks. Pakis on 2 puidust p\u00e4rlit.<\/p>","protected":false},"featured_media":6237,"template":"","meta":[],"product_brand":[],"product_cat":[263,989,912,915,995,991],"product_tag":[],"class_list":{"0":"post-6236","1":"product","2":"type-product","3":"status-publish","4":"has-post-thumbnail","6":"product_cat-brandid","7":"product_cat-graine-creative","8":"product_cat-makramee","9":"product_cat-parlid-makramee","10":"product_cat-parlid-too-puiduga","11":"product_cat-too-puiduga","13":"first","14":"instock","15":"taxable","16":"shipping-taxable","17":"purchasable","18":"product-type-simple"},"jetpack_sharing_enabled":true,"_links":{"self":[{"href":"https:\/\/becreative.ee\/en\/wp-json\/wp\/v2\/product\/6236","targetHints":{"allow":["GET"]}}],"collection":[{"href":"https:\/\/becreative.ee\/en\/wp-json\/wp\/v2\/product"}],"about":[{"href":"https:\/\/becreative.ee\/en\/wp-json\/wp\/v2\/types\/product"}],"version-history":[{"count":1,"href":"https:\/\/becreative.ee\/en\/wp-json\/wp\/v2\/product\/6236\/revisions"}],"predecessor-version":[{"id":6238,"href":"https:\/\/becreative.ee\/en\/wp-json\/wp\/v2\/product\/6236\/revisions\/6238"}],"wp:featuredmedia":[{"embeddable":true,"href":"https:\/\/becreative.ee\/en\/wp-json\/wp\/v2\/media\/6237"}],"wp:attachment":[{"href":"https:\/\/becreative.ee\/en\/wp-json\/wp\/v2\/media?parent=6236"}],"wp:term":[{"taxonomy":"product_brand","embeddable":true,"href":"https:\/\/becreative.ee\/en\/wp-json\/wp\/v2\/product_brand?post=6236"},{"taxonomy":"product_cat","embeddable":true,"href":"https:\/\/becreative.ee\/en\/wp-json\/wp\/v2\/product_cat?post=6236"},{"taxonomy":"product_tag","embeddable":true,"href":"https:\/\/becreative.ee\/en\/wp-json\/wp\/v2\/product_tag?post=6236"}],"curies":[{"name":"wp","href":"https:\/\/api.w.org\/{rel}","templated":true}]}}