{"id":6242,"date":"2023-10-27T17:45:50","date_gmt":"2023-10-27T17:45:50","guid":{"rendered":"https:\/\/becreative.ee\/?post_type=product&#038;p=6242"},"modified":"2024-05-08T09:57:28","modified_gmt":"2024-05-08T09:57:28","slug":"paberiraam-2","status":"publish","type":"product","link":"https:\/\/becreative.ee\/en\/product\/paberiraam-2\/","title":{"rendered":"Paberiraam"},"content":{"rendered":"<p>Enda valmistatud paber n\u00e4eb v\u00e4ga kaunis v\u00e4lja ja samas s\u00e4\u00e4stab loodust ning aitab uuesti kasutada juba kasutatud paberit. Selle t\u00f6\u00f6 teeb lihtsamaks paberiraam, kuhu paberist valmistatud segu tahkuma j\u00e4\u00e4takse. Puidust raam koosneb kahest osast ja selle m\u00f5\u00f5tmed on 27&#215;19 cm. Raamiga tehtud paberi m\u00f5\u00f5duks on 24&#215;16 cm. Paberi valmistamiseks sobib kasutatud paber, ajalehed, salvr\u00e4tikud, munarstid, spetsiaalne paberi segu jne.<\/p>","protected":false},"excerpt":{"rendered":"<p>Enda valmistatud paber n\u00e4eb v\u00e4ga kaunis v\u00e4lja ja samas s\u00e4\u00e4stab loodust ning aitab uuesti kasutada juba kasutatud paberit. Selle t\u00f6\u00f6 teeb lihtsamaks paberiraam, kuhu paberist valmistatud segu tahkuma j\u00e4\u00e4takse. Puidust raam koosneb kahest osast ja selle m\u00f5\u00f5tmed on 27&#215;19 cm. Raamiga tehtud paberi m\u00f5\u00f5duks on 24&#215;16 cm. Paberi valmistamiseks sobib kasutatud paber, ajalehed, salvr\u00e4tikud, munarstid, spetsiaalne paberi segu jne.<\/p>","protected":false},"featured_media":6243,"template":"","meta":[],"product_brand":[],"product_cat":[263,989,1014,1015],"product_tag":[],"class_list":{"0":"post-6242","1":"product","2":"type-product","3":"status-publish","4":"has-post-thumbnail","6":"product_cat-brandid","7":"product_cat-graine-creative","8":"product_cat-tood-paberiga","9":"product_cat-tooriistad-tood-paberiga","11":"first","12":"instock","13":"taxable","14":"shipping-taxable","15":"purchasable","16":"product-type-simple"},"jetpack_sharing_enabled":true,"_links":{"self":[{"href":"https:\/\/becreative.ee\/en\/wp-json\/wp\/v2\/product\/6242","targetHints":{"allow":["GET"]}}],"collection":[{"href":"https:\/\/becreative.ee\/en\/wp-json\/wp\/v2\/product"}],"about":[{"href":"https:\/\/becreative.ee\/en\/wp-json\/wp\/v2\/types\/product"}],"version-history":[{"count":1,"href":"https:\/\/becreative.ee\/en\/wp-json\/wp\/v2\/product\/6242\/revisions"}],"predecessor-version":[{"id":6247,"href":"https:\/\/becreative.ee\/en\/wp-json\/wp\/v2\/product\/6242\/revisions\/6247"}],"wp:featuredmedia":[{"embeddable":true,"href":"https:\/\/becreative.ee\/en\/wp-json\/wp\/v2\/media\/6243"}],"wp:attachment":[{"href":"https:\/\/becreative.ee\/en\/wp-json\/wp\/v2\/media?parent=6242"}],"wp:term":[{"taxonomy":"product_brand","embeddable":true,"href":"https:\/\/becreative.ee\/en\/wp-json\/wp\/v2\/product_brand?post=6242"},{"taxonomy":"product_cat","embeddable":true,"href":"https:\/\/becreative.ee\/en\/wp-json\/wp\/v2\/product_cat?post=6242"},{"taxonomy":"product_tag","embeddable":true,"href":"https:\/\/becreative.ee\/en\/wp-json\/wp\/v2\/product_tag?post=6242"}],"curies":[{"name":"wp","href":"https:\/\/api.w.org\/{rel}","templated":true}]}}